{"id":993,"date":"2018-11-02T10:27:52","date_gmt":"2018-11-02T09:27:52","guid":{"rendered":"http:\/\/shop.fromagerie-tourrette.com\/boutique\/produit\/saint-nectaire-fermier-aop\/"},"modified":"2024-01-18T14:03:37","modified_gmt":"2024-01-18T13:03:37","slug":"saint-nectaire-fermier-aop","status":"publish","type":"product","link":"https:\/\/fromagerie-tourrette.bigfamily.dev\/en\/produit\/saint-nectaire-fermier-aop\/","title":{"rendered":"Saint Nectaire Fermier AOP"},"content":{"rendered":"<p>Le fromage saint-nectaire fermier est toujours au lait cru, et fabriqu\u00e9 deux fois par jour, juste apr\u00e8s chaque traite. 13 \u00e0 14 litres de lait de vache sont n\u00e9cessaires pour ce fromage au gout inimitable de noisettes.<\/p>\n","protected":false},"excerpt":{"rendered":"<p>Le fromage saint-nectaire fermier est toujours au lait cru, et fabriqu\u00e9 deux fois par jour, juste apr\u00e8s chaque [&hellip;]<\/p>\n","protected":false},"featured_media":15994,"template":"","meta":[],"product_cat":[16],"product_tag":[],"acf":[],"_links":{"self":[{"href":"https:\/\/fromagerie-tourrette.bigfamily.dev\/en\/wp-json\/wp\/v2\/product\/993"}],"collection":[{"href":"https:\/\/fromagerie-tourrette.bigfamily.dev\/en\/wp-json\/wp\/v2\/product"}],"about":[{"href":"https:\/\/fromagerie-tourrette.bigfamily.dev\/en\/wp-json\/wp\/v2\/types\/product"}],"wp:featuredmedia":[{"embeddable":true,"href":"https:\/\/fromagerie-tourrette.bigfamily.dev\/en\/wp-json\/wp\/v2\/media\/15994"}],"wp:attachment":[{"href":"https:\/\/fromagerie-tourrette.bigfamily.dev\/en\/wp-json\/wp\/v2\/media?parent=993"}],"wp:term":[{"taxonomy":"product_cat","embeddable":true,"href":"https:\/\/fromagerie-tourrette.bigfamily.dev\/en\/wp-json\/wp\/v2\/product_cat?post=993"},{"taxonomy":"product_tag","embeddable":true,"href":"https:\/\/fromagerie-tourrette.bigfamily.dev\/en\/wp-json\/wp\/v2\/product_tag?post=993"}],"curies":[{"name":"wp","href":"https:\/\/api.w.org\/{rel}","templated":true}]}}