{"id":971,"date":"2018-11-02T10:26:27","date_gmt":"2018-11-02T09:26:27","guid":{"rendered":"http:\/\/shop.fromagerie-tourrette.com\/boutique\/produit\/mimolette-extra-vieille-lr\/"},"modified":"2024-01-18T14:11:58","modified_gmt":"2024-01-18T13:11:58","slug":"mimolette-extra-vieille-lr","status":"publish","type":"product","link":"https:\/\/fromagerie-tourrette.bigfamily.dev\/en\/produit\/mimolette-extra-vieille-lr\/","title":{"rendered":"Mimolette Extra vieille LR"},"content":{"rendered":"<p>La mimolette fran\u00e7aise appr\u00e9cie les affinages longs, jusqu\u2019\u00e0 deux ans, et sa p\u00e2te devient alors dure et cassante. Arm\u00e9s d\u2019un maillet, les affineurs sonnent les fromages \u00e0 la recherche d`\u00e9ventuelles irr\u00e9gularit\u00e9s avant de les brosser une fois par mois pour \u00e9viter l\u2019exc\u00e8s de grignotage de la cro\u00fbte par les \u00ab cirons \u00bb qui apportent des ar\u00f4mes sp\u00e9cifiques aux fromages.<\/p>\n","protected":false},"excerpt":{"rendered":"<p>La mimolette fran\u00e7aise appr\u00e9cie les affinages longs, jusqu\u2019\u00e0 deux ans, et sa p\u00e2te devient alors dure et cassante. [&hellip;]<\/p>\n","protected":false},"featured_media":16039,"template":"","meta":[],"product_cat":[16],"product_tag":[],"acf":[],"_links":{"self":[{"href":"https:\/\/fromagerie-tourrette.bigfamily.dev\/en\/wp-json\/wp\/v2\/product\/971"}],"collection":[{"href":"https:\/\/fromagerie-tourrette.bigfamily.dev\/en\/wp-json\/wp\/v2\/product"}],"about":[{"href":"https:\/\/fromagerie-tourrette.bigfamily.dev\/en\/wp-json\/wp\/v2\/types\/product"}],"wp:featuredmedia":[{"embeddable":true,"href":"https:\/\/fromagerie-tourrette.bigfamily.dev\/en\/wp-json\/wp\/v2\/media\/16039"}],"wp:attachment":[{"href":"https:\/\/fromagerie-tourrette.bigfamily.dev\/en\/wp-json\/wp\/v2\/media?parent=971"}],"wp:term":[{"taxonomy":"product_cat","embeddable":true,"href":"https:\/\/fromagerie-tourrette.bigfamily.dev\/en\/wp-json\/wp\/v2\/product_cat?post=971"},{"taxonomy":"product_tag","embeddable":true,"href":"https:\/\/fromagerie-tourrette.bigfamily.dev\/en\/wp-json\/wp\/v2\/product_tag?post=971"}],"curies":[{"name":"wp","href":"https:\/\/api.w.org\/{rel}","templated":true}]}}