{"id":957,"date":"2018-11-02T10:25:35","date_gmt":"2018-11-02T09:25:35","guid":{"rendered":"http:\/\/shop.fromagerie-tourrette.com\/boutique\/produit\/cabretou-pur-chevre\/"},"modified":"2023-01-20T12:05:13","modified_gmt":"2023-01-20T11:05:13","slug":"cabretou-pur-chevre","status":"publish","type":"product","link":"https:\/\/fromagerie-tourrette.bigfamily.dev\/en\/produit\/cabretou-pur-chevre\/","title":{"rendered":"Cabretou pur ch\u00e8vre"},"content":{"rendered":"<p>Le Cabretou est une tomme des Pyr\u00e9n\u00e9es au lait de ch\u00e8vre. Le go\u00fbt se rapproche de celui du bethmale ou de l\u2019ossau Iraty mais en plus subtil.<\/p>\n","protected":false},"excerpt":{"rendered":"<p>Le Cabretou est une tomme des Pyr\u00e9n\u00e9es au lait de ch\u00e8vre. Le go\u00fbt se rapproche de celui du [&hellip;]<\/p>\n","protected":false},"featured_media":16054,"template":"","meta":[],"product_cat":[16],"product_tag":[],"acf":[],"_links":{"self":[{"href":"https:\/\/fromagerie-tourrette.bigfamily.dev\/en\/wp-json\/wp\/v2\/product\/957"}],"collection":[{"href":"https:\/\/fromagerie-tourrette.bigfamily.dev\/en\/wp-json\/wp\/v2\/product"}],"about":[{"href":"https:\/\/fromagerie-tourrette.bigfamily.dev\/en\/wp-json\/wp\/v2\/types\/product"}],"wp:featuredmedia":[{"embeddable":true,"href":"https:\/\/fromagerie-tourrette.bigfamily.dev\/en\/wp-json\/wp\/v2\/media\/16054"}],"wp:attachment":[{"href":"https:\/\/fromagerie-tourrette.bigfamily.dev\/en\/wp-json\/wp\/v2\/media?parent=957"}],"wp:term":[{"taxonomy":"product_cat","embeddable":true,"href":"https:\/\/fromagerie-tourrette.bigfamily.dev\/en\/wp-json\/wp\/v2\/product_cat?post=957"},{"taxonomy":"product_tag","embeddable":true,"href":"https:\/\/fromagerie-tourrette.bigfamily.dev\/en\/wp-json\/wp\/v2\/product_tag?post=957"}],"curies":[{"name":"wp","href":"https:\/\/api.w.org\/{rel}","templated":true}]}}