{"id":955,"date":"2018-11-02T10:25:28","date_gmt":"2018-11-02T09:25:28","guid":{"rendered":"http:\/\/shop.fromagerie-tourrette.com\/boutique\/produit\/brezouard-des-bagenelles\/"},"modified":"2024-01-18T14:14:52","modified_gmt":"2024-01-18T13:14:52","slug":"brezouard-des-bagenelles","status":"publish","type":"product","link":"https:\/\/fromagerie-tourrette.bigfamily.dev\/en\/produit\/brezouard-des-bagenelles\/","title":{"rendered":"Br\u00e9zouard des Bagenelles"},"content":{"rendered":"<p>Une Tomme d\u2019Alsace affin\u00e9e avec le marc de pinot Auxerrois, une originalit\u00e9 rare \u00e0 la Fromagerie Tourrette. Au d\u00e9but du mois de septembre, nous mettons en affinage les premi\u00e8res tommes fabriqu\u00e9es au mois de Mai par notre producteur. L\u2019origine des raisins changera au gr\u00e9 des Vendanges\u2026.<\/p>\n","protected":false},"excerpt":{"rendered":"<p>Une Tomme d\u2019Alsace affin\u00e9e avec le marc de pinot Auxerrois, une originalit\u00e9 rare \u00e0 la Fromagerie Tourrette. Au [&hellip;]<\/p>\n","protected":false},"featured_media":16057,"template":"","meta":[],"product_cat":[16],"product_tag":[],"acf":[],"_links":{"self":[{"href":"https:\/\/fromagerie-tourrette.bigfamily.dev\/en\/wp-json\/wp\/v2\/product\/955"}],"collection":[{"href":"https:\/\/fromagerie-tourrette.bigfamily.dev\/en\/wp-json\/wp\/v2\/product"}],"about":[{"href":"https:\/\/fromagerie-tourrette.bigfamily.dev\/en\/wp-json\/wp\/v2\/types\/product"}],"wp:featuredmedia":[{"embeddable":true,"href":"https:\/\/fromagerie-tourrette.bigfamily.dev\/en\/wp-json\/wp\/v2\/media\/16057"}],"wp:attachment":[{"href":"https:\/\/fromagerie-tourrette.bigfamily.dev\/en\/wp-json\/wp\/v2\/media?parent=955"}],"wp:term":[{"taxonomy":"product_cat","embeddable":true,"href":"https:\/\/fromagerie-tourrette.bigfamily.dev\/en\/wp-json\/wp\/v2\/product_cat?post=955"},{"taxonomy":"product_tag","embeddable":true,"href":"https:\/\/fromagerie-tourrette.bigfamily.dev\/en\/wp-json\/wp\/v2\/product_tag?post=955"}],"curies":[{"name":"wp","href":"https:\/\/api.w.org\/{rel}","templated":true}]}}