{"id":927,"date":"2018-11-02T10:23:43","date_gmt":"2018-11-02T09:23:43","guid":{"rendered":"http:\/\/shop.fromagerie-tourrette.com\/boutique\/produit\/poneau-au-pommeau\/"},"modified":"2024-01-09T14:04:29","modified_gmt":"2024-01-09T13:04:29","slug":"poneau-au-pommeau","status":"publish","type":"product","link":"https:\/\/fromagerie-tourrette.bigfamily.dev\/en\/produit\/poneau-au-pommeau\/","title":{"rendered":"Poneau au Pommeau"},"content":{"rendered":"<p>Le Poneau est une sp\u00e9cialit\u00e9 au POMMEAU (ap\u00e9ritif normand \u00e0 base de Calvados et de jus de pomme), parsem\u00e9e de brisure de noix et d\u2019amandes \u00e0 base d\u2019un pont l\u2019\u00e9v\u00eaque. Fromage au go\u00fbt relev\u00e9 et saveurs caract\u00e9ristiques.<\/p>\n","protected":false},"excerpt":{"rendered":"<p>Le Poneau est une sp\u00e9cialit\u00e9 au POMMEAU (ap\u00e9ritif normand \u00e0 base de Calvados et de jus de pomme), [&hellip;]<\/p>\n","protected":false},"featured_media":16099,"template":"","meta":[],"product_cat":[16],"product_tag":[],"acf":[],"_links":{"self":[{"href":"https:\/\/fromagerie-tourrette.bigfamily.dev\/en\/wp-json\/wp\/v2\/product\/927"}],"collection":[{"href":"https:\/\/fromagerie-tourrette.bigfamily.dev\/en\/wp-json\/wp\/v2\/product"}],"about":[{"href":"https:\/\/fromagerie-tourrette.bigfamily.dev\/en\/wp-json\/wp\/v2\/types\/product"}],"wp:featuredmedia":[{"embeddable":true,"href":"https:\/\/fromagerie-tourrette.bigfamily.dev\/en\/wp-json\/wp\/v2\/media\/16099"}],"wp:attachment":[{"href":"https:\/\/fromagerie-tourrette.bigfamily.dev\/en\/wp-json\/wp\/v2\/media?parent=927"}],"wp:term":[{"taxonomy":"product_cat","embeddable":true,"href":"https:\/\/fromagerie-tourrette.bigfamily.dev\/en\/wp-json\/wp\/v2\/product_cat?post=927"},{"taxonomy":"product_tag","embeddable":true,"href":"https:\/\/fromagerie-tourrette.bigfamily.dev\/en\/wp-json\/wp\/v2\/product_tag?post=927"}],"curies":[{"name":"wp","href":"https:\/\/api.w.org\/{rel}","templated":true}]}}