{"id":886,"date":"2018-11-02T10:20:56","date_gmt":"2018-11-02T09:20:56","guid":{"rendered":"http:\/\/shop.fromagerie-tourrette.com\/boutique\/produit\/cap-gris-nez-au-cidre\/"},"modified":"2024-02-02T15:39:36","modified_gmt":"2024-02-02T14:39:36","slug":"cap-gris-nez-au-cidre","status":"publish","type":"product","link":"https:\/\/fromagerie-tourrette.bigfamily.dev\/en\/produit\/cap-gris-nez-au-cidre\/","title":{"rendered":"Cap Gris Nez au Cidre"},"content":{"rendered":"<p>Ressemblant au Munster, ce fromage a \u00e9t\u00e9 cr\u00e9\u00e9 en 1994, en souvenir de vacances d\u2019\u00e9t\u00e9 pass\u00e9es sur une plage de la c\u00f4te d\u2019Opale. Ce fromage est bross\u00e9 r\u00e9guli\u00e8rement au cidre de Brunembert.<\/p>\n","protected":false},"excerpt":{"rendered":"<p>Ressemblant au Munster, ce fromage a \u00e9t\u00e9 cr\u00e9\u00e9 en 1994, en souvenir de vacances d\u2019\u00e9t\u00e9 pass\u00e9es sur une [&hellip;]<\/p>\n","protected":false},"featured_media":100303,"template":"","meta":[],"product_cat":[16],"product_tag":[],"acf":[],"_links":{"self":[{"href":"https:\/\/fromagerie-tourrette.bigfamily.dev\/en\/wp-json\/wp\/v2\/product\/886"}],"collection":[{"href":"https:\/\/fromagerie-tourrette.bigfamily.dev\/en\/wp-json\/wp\/v2\/product"}],"about":[{"href":"https:\/\/fromagerie-tourrette.bigfamily.dev\/en\/wp-json\/wp\/v2\/types\/product"}],"wp:featuredmedia":[{"embeddable":true,"href":"https:\/\/fromagerie-tourrette.bigfamily.dev\/en\/wp-json\/wp\/v2\/media\/100303"}],"wp:attachment":[{"href":"https:\/\/fromagerie-tourrette.bigfamily.dev\/en\/wp-json\/wp\/v2\/media?parent=886"}],"wp:term":[{"taxonomy":"product_cat","embeddable":true,"href":"https:\/\/fromagerie-tourrette.bigfamily.dev\/en\/wp-json\/wp\/v2\/product_cat?post=886"},{"taxonomy":"product_tag","embeddable":true,"href":"https:\/\/fromagerie-tourrette.bigfamily.dev\/en\/wp-json\/wp\/v2\/product_tag?post=886"}],"curies":[{"name":"wp","href":"https:\/\/api.w.org\/{rel}","templated":true}]}}