{"id":795,"date":"2018-11-02T10:15:21","date_gmt":"2018-11-02T09:15:21","guid":{"rendered":"http:\/\/shop.fromagerie-tourrette.com\/boutique\/produit\/sainte-maure-poitevine\/"},"modified":"2024-01-18T14:38:46","modified_gmt":"2024-01-18T13:38:46","slug":"sainte-maure-poitevine","status":"publish","type":"product","link":"https:\/\/fromagerie-tourrette.bigfamily.dev\/en\/produit\/sainte-maure-poitevine\/","title":{"rendered":"Sainte Maure Fermi\u00e8re"},"content":{"rendered":"<p>Sur l&#8217;exploitation du Bois Rond, les ch\u00e8vres produisent le lait pour la fabrication du fromage. Elles sont nourries avec de la luzerne (p\u00e2turage), foin, c\u00e9r\u00e9ales. La pr\u00e9sence de moisissures superficielles gris\/bleut\u00e9es, vertes, ou de levures fait partir int\u00e9grante de l&#8217;\u00e9cosyst\u00e8me de l&#8217;exploitation et contribue \u00e0 la typicit\u00e9 du produit. Le go\u00fbt caprin sera plus intense selon l&#8217;affinage.<\/p>\n","protected":false},"excerpt":{"rendered":"<p>Sur l&#8217;exploitation du Bois Rond, les ch\u00e8vres produisent le lait pour la fabrication du fromage. Elles sont nourries [&hellip;]<\/p>\n","protected":false},"featured_media":0,"template":"","meta":[],"product_cat":[16],"product_tag":[],"acf":[],"_links":{"self":[{"href":"https:\/\/fromagerie-tourrette.bigfamily.dev\/en\/wp-json\/wp\/v2\/product\/795"}],"collection":[{"href":"https:\/\/fromagerie-tourrette.bigfamily.dev\/en\/wp-json\/wp\/v2\/product"}],"about":[{"href":"https:\/\/fromagerie-tourrette.bigfamily.dev\/en\/wp-json\/wp\/v2\/types\/product"}],"wp:attachment":[{"href":"https:\/\/fromagerie-tourrette.bigfamily.dev\/en\/wp-json\/wp\/v2\/media?parent=795"}],"wp:term":[{"taxonomy":"product_cat","embeddable":true,"href":"https:\/\/fromagerie-tourrette.bigfamily.dev\/en\/wp-json\/wp\/v2\/product_cat?post=795"},{"taxonomy":"product_tag","embeddable":true,"href":"https:\/\/fromagerie-tourrette.bigfamily.dev\/en\/wp-json\/wp\/v2\/product_tag?post=795"}],"curies":[{"name":"wp","href":"https:\/\/api.w.org\/{rel}","templated":true}]}}