{"id":7807,"date":"2020-11-04T16:08:17","date_gmt":"2020-11-04T15:08:17","guid":{"rendered":"https:\/\/www.fromagerie-tourrette.com\/?post_type=product&#038;p=7807"},"modified":"2024-02-07T15:33:40","modified_gmt":"2024-02-07T14:33:40","slug":"rattes-du-touquet","status":"publish","type":"product","link":"https:\/\/fromagerie-tourrette.bigfamily.dev\/en\/produit\/rattes-du-touquet\/","title":{"rendered":"Rattes du Touquet"},"content":{"rendered":"<p>La Ratte du Touquet est une vari\u00e9t\u00e9 de pomme de terre \u00e0 chair ferme, qui ne se d\u00e9lite pas \u00e0 la cuisson. Sa peau est fine et ses ar\u00f4mes rappellent la ch\u00e2taigne.<\/p>\n<p>En cons\u00e9quence, elle est particuli\u00e8rement adapt\u00e9e en accompagnement d&#8217;un Mont d&#8217;Or ou d&#8217;une fondue.<\/p>\n<p>Sachet de 1kg &#8211; quantit\u00e9 pour 3-4 personnes env.<\/p>\n","protected":false},"excerpt":{"rendered":"<p>La Ratte du Touquet est une vari\u00e9t\u00e9 de pomme de terre \u00e0 chair ferme, qui ne se d\u00e9lite [&hellip;]<\/p>\n","protected":false},"featured_media":100393,"template":"","meta":[],"product_cat":[169,165],"product_tag":[],"acf":[],"_links":{"self":[{"href":"https:\/\/fromagerie-tourrette.bigfamily.dev\/en\/wp-json\/wp\/v2\/product\/7807"}],"collection":[{"href":"https:\/\/fromagerie-tourrette.bigfamily.dev\/en\/wp-json\/wp\/v2\/product"}],"about":[{"href":"https:\/\/fromagerie-tourrette.bigfamily.dev\/en\/wp-json\/wp\/v2\/types\/product"}],"wp:featuredmedia":[{"embeddable":true,"href":"https:\/\/fromagerie-tourrette.bigfamily.dev\/en\/wp-json\/wp\/v2\/media\/100393"}],"wp:attachment":[{"href":"https:\/\/fromagerie-tourrette.bigfamily.dev\/en\/wp-json\/wp\/v2\/media?parent=7807"}],"wp:term":[{"taxonomy":"product_cat","embeddable":true,"href":"https:\/\/fromagerie-tourrette.bigfamily.dev\/en\/wp-json\/wp\/v2\/product_cat?post=7807"},{"taxonomy":"product_tag","embeddable":true,"href":"https:\/\/fromagerie-tourrette.bigfamily.dev\/en\/wp-json\/wp\/v2\/product_tag?post=7807"}],"curies":[{"name":"wp","href":"https:\/\/api.w.org\/{rel}","templated":true}]}}