{"id":762,"date":"2018-11-02T10:13:10","date_gmt":"2018-11-02T09:13:10","guid":{"rendered":"http:\/\/shop.fromagerie-tourrette.com\/boutique\/produit\/chevrefeuille\/"},"modified":"2023-05-31T10:08:57","modified_gmt":"2023-05-31T08:08:57","slug":"chevrefeuille","status":"publish","type":"product","link":"https:\/\/fromagerie-tourrette.bigfamily.dev\/en\/produit\/chevrefeuille\/","title":{"rendered":"Chevrefeuille"},"content":{"rendered":"<p>Ce fromage \u00ab\u00a0\u00e0 la feuille\u00a0\u00bb est un ch\u00e8vre de fabrication fermi\u00e8re moul\u00e9 \u00e0 la louche et sal\u00e9 \u00e0 sec. Sa cro\u00fbte est naturelle, il est pr\u00e9sent\u00e9 sur une feuille de ch\u00e2taigner, affin\u00e9 deux semaines pour s\u00e9cher et deux semaines pour cro\u00fbter. Sa saveur caprine est tr\u00e8s intense.<\/p>\n","protected":false},"excerpt":{"rendered":"<p>Ce fromage \u00ab\u00a0\u00e0 la feuille\u00a0\u00bb est un ch\u00e8vre de fabrication fermi\u00e8re moul\u00e9 \u00e0 la louche et sal\u00e9 \u00e0 [&hellip;]<\/p>\n","protected":false},"featured_media":16288,"template":"","meta":[],"product_cat":[16],"product_tag":[],"acf":[],"_links":{"self":[{"href":"https:\/\/fromagerie-tourrette.bigfamily.dev\/en\/wp-json\/wp\/v2\/product\/762"}],"collection":[{"href":"https:\/\/fromagerie-tourrette.bigfamily.dev\/en\/wp-json\/wp\/v2\/product"}],"about":[{"href":"https:\/\/fromagerie-tourrette.bigfamily.dev\/en\/wp-json\/wp\/v2\/types\/product"}],"wp:featuredmedia":[{"embeddable":true,"href":"https:\/\/fromagerie-tourrette.bigfamily.dev\/en\/wp-json\/wp\/v2\/media\/16288"}],"wp:attachment":[{"href":"https:\/\/fromagerie-tourrette.bigfamily.dev\/en\/wp-json\/wp\/v2\/media?parent=762"}],"wp:term":[{"taxonomy":"product_cat","embeddable":true,"href":"https:\/\/fromagerie-tourrette.bigfamily.dev\/en\/wp-json\/wp\/v2\/product_cat?post=762"},{"taxonomy":"product_tag","embeddable":true,"href":"https:\/\/fromagerie-tourrette.bigfamily.dev\/en\/wp-json\/wp\/v2\/product_tag?post=762"}],"curies":[{"name":"wp","href":"https:\/\/api.w.org\/{rel}","templated":true}]}}