{"id":7565,"date":"2020-10-21T10:12:52","date_gmt":"2020-10-21T08:12:52","guid":{"rendered":"https:\/\/www.fromagerie-tourrette.com\/?post_type=product&#038;p=7565"},"modified":"2024-03-12T14:25:33","modified_gmt":"2024-03-12T13:25:33","slug":"raclette-au-poivre-tranche","status":"publish","type":"product","link":"https:\/\/fromagerie-tourrette.bigfamily.dev\/en\/produit\/raclette-au-poivre-tranche\/","title":{"rendered":"Raclette au poivre &#8211; tranch\u00e9"},"content":{"rendered":"<p>Fromage suisse au lait cru et au poivre, id\u00e9al pour une raclette de caract\u00e8re.<\/p>\n<p><i>Version tranch\u00e9e uniquement &#8211;\u00a0portion de 250g<\/i><\/p>\n","protected":false},"excerpt":{"rendered":"<p>Fromage suisse au lait cru et au poivre, id\u00e9al pour une raclette de caract\u00e8re. Version tranch\u00e9e uniquement &#8211;\u00a0portion [&hellip;]<\/p>\n","protected":false},"featured_media":100312,"template":"","meta":[],"product_cat":[167,16],"product_tag":[],"acf":[],"_links":{"self":[{"href":"https:\/\/fromagerie-tourrette.bigfamily.dev\/en\/wp-json\/wp\/v2\/product\/7565"}],"collection":[{"href":"https:\/\/fromagerie-tourrette.bigfamily.dev\/en\/wp-json\/wp\/v2\/product"}],"about":[{"href":"https:\/\/fromagerie-tourrette.bigfamily.dev\/en\/wp-json\/wp\/v2\/types\/product"}],"wp:featuredmedia":[{"embeddable":true,"href":"https:\/\/fromagerie-tourrette.bigfamily.dev\/en\/wp-json\/wp\/v2\/media\/100312"}],"wp:attachment":[{"href":"https:\/\/fromagerie-tourrette.bigfamily.dev\/en\/wp-json\/wp\/v2\/media?parent=7565"}],"wp:term":[{"taxonomy":"product_cat","embeddable":true,"href":"https:\/\/fromagerie-tourrette.bigfamily.dev\/en\/wp-json\/wp\/v2\/product_cat?post=7565"},{"taxonomy":"product_tag","embeddable":true,"href":"https:\/\/fromagerie-tourrette.bigfamily.dev\/en\/wp-json\/wp\/v2\/product_tag?post=7565"}],"curies":[{"name":"wp","href":"https:\/\/api.w.org\/{rel}","templated":true}]}}