{"id":753,"date":"2018-11-02T10:12:26","date_gmt":"2018-11-02T09:12:26","guid":{"rendered":"http:\/\/shop.fromagerie-tourrette.com\/boutique\/produit\/bouton-de-culotte\/"},"modified":"2024-01-18T14:44:06","modified_gmt":"2024-01-18T13:44:06","slug":"bouton-de-culotte","status":"publish","type":"product","link":"https:\/\/fromagerie-tourrette.bigfamily.dev\/en\/produit\/bouton-de-culotte\/","title":{"rendered":"Bouton de Culotte"},"content":{"rendered":"<p>Ce petit fromage de forme circulaire est \u00ab s\u00e9ch\u00e9 \u00bb pendant 1 \u00e0 2 mois apr\u00e8s la saison. Il se d\u00e9guste en le \u00ab su\u00e7otant \u00bb en fin de plateau pour que se d\u00e9gagent les ar\u00f4mes d\u2019une flore naturelle. A un stade jeune, il aura la cro\u00fbte blanche, mi-sec et \u00e0 un stade pus affin\u00e9 (plusieurs mois), il aura la cro\u00fbte bleue et une texture tr\u00e8s cassante.<\/p>\n","protected":false},"excerpt":{"rendered":"<p>Ce petit fromage de forme circulaire est \u00ab s\u00e9ch\u00e9 \u00bb pendant 1 \u00e0 2 mois apr\u00e8s la saison. [&hellip;]<\/p>\n","protected":false},"featured_media":16303,"template":"","meta":[],"product_cat":[16],"product_tag":[],"acf":[],"_links":{"self":[{"href":"https:\/\/fromagerie-tourrette.bigfamily.dev\/en\/wp-json\/wp\/v2\/product\/753"}],"collection":[{"href":"https:\/\/fromagerie-tourrette.bigfamily.dev\/en\/wp-json\/wp\/v2\/product"}],"about":[{"href":"https:\/\/fromagerie-tourrette.bigfamily.dev\/en\/wp-json\/wp\/v2\/types\/product"}],"wp:featuredmedia":[{"embeddable":true,"href":"https:\/\/fromagerie-tourrette.bigfamily.dev\/en\/wp-json\/wp\/v2\/media\/16303"}],"wp:attachment":[{"href":"https:\/\/fromagerie-tourrette.bigfamily.dev\/en\/wp-json\/wp\/v2\/media?parent=753"}],"wp:term":[{"taxonomy":"product_cat","embeddable":true,"href":"https:\/\/fromagerie-tourrette.bigfamily.dev\/en\/wp-json\/wp\/v2\/product_cat?post=753"},{"taxonomy":"product_tag","embeddable":true,"href":"https:\/\/fromagerie-tourrette.bigfamily.dev\/en\/wp-json\/wp\/v2\/product_tag?post=753"}],"curies":[{"name":"wp","href":"https:\/\/api.w.org\/{rel}","templated":true}]}}