{"id":4349,"date":"2020-04-20T21:24:31","date_gmt":"2020-04-20T19:24:31","guid":{"rendered":"https:\/\/shop.fromagerie-tourrette.com\/?post_type=product&#038;p=4349"},"modified":"2024-01-18T11:29:27","modified_gmt":"2024-01-18T10:29:27","slug":"huile-dolive-1l-huilerie-beaujolaise","status":"publish","type":"product","link":"https:\/\/fromagerie-tourrette.bigfamily.dev\/en\/produit\/huile-dolive-1l-huilerie-beaujolaise\/","title":{"rendered":"Huile d&#8217;Olive 1L &#8211; Huilerie Beaujolaise"},"content":{"rendered":"<p>Cette huile, d&#8217;origine grecque et provenant de la zone d&#8217;appellation d&#8217;origine prot\u00e9g\u00e9e Lakonie, est issue d&#8217;olives Koroneiki \u00e0 90% et Athinolia \u00e0 10 %<\/p>\n<p>Bouteille en verre de 1L.<\/p>\n<p>&nbsp;<\/p>\n","protected":false},"excerpt":{"rendered":"<p>Cette huile, d&#8217;origine grecque et provenant de la zone d&#8217;appellation d&#8217;origine prot\u00e9g\u00e9e Lakonie, est issue d&#8217;olives Koroneiki \u00e0 [&hellip;]<\/p>\n","protected":false},"featured_media":4358,"template":"","meta":[],"product_cat":[182],"product_tag":[],"acf":[],"_links":{"self":[{"href":"https:\/\/fromagerie-tourrette.bigfamily.dev\/en\/wp-json\/wp\/v2\/product\/4349"}],"collection":[{"href":"https:\/\/fromagerie-tourrette.bigfamily.dev\/en\/wp-json\/wp\/v2\/product"}],"about":[{"href":"https:\/\/fromagerie-tourrette.bigfamily.dev\/en\/wp-json\/wp\/v2\/types\/product"}],"wp:featuredmedia":[{"embeddable":true,"href":"https:\/\/fromagerie-tourrette.bigfamily.dev\/en\/wp-json\/wp\/v2\/media\/4358"}],"wp:attachment":[{"href":"https:\/\/fromagerie-tourrette.bigfamily.dev\/en\/wp-json\/wp\/v2\/media?parent=4349"}],"wp:term":[{"taxonomy":"product_cat","embeddable":true,"href":"https:\/\/fromagerie-tourrette.bigfamily.dev\/en\/wp-json\/wp\/v2\/product_cat?post=4349"},{"taxonomy":"product_tag","embeddable":true,"href":"https:\/\/fromagerie-tourrette.bigfamily.dev\/en\/wp-json\/wp\/v2\/product_tag?post=4349"}],"curies":[{"name":"wp","href":"https:\/\/api.w.org\/{rel}","templated":true}]}}