{"id":3586,"date":"2020-03-26T15:54:43","date_gmt":"2020-03-26T14:54:43","guid":{"rendered":"https:\/\/shop.fromagerie-tourrette.com\/?post_type=product&#038;p=3586"},"modified":"2023-07-05T15:27:13","modified_gmt":"2023-07-05T13:27:13","slug":"pave-aux-olives","status":"publish","type":"product","link":"https:\/\/fromagerie-tourrette.bigfamily.dev\/en\/produit\/pave-aux-olives\/","title":{"rendered":"Pav\u00e9 aux Olives"},"content":{"rendered":"<p>Ces petits saucissons s\u00e9ch\u00e9es artisanalement ont la particularit\u00e9 d&#8217;\u00eatre fabriqu\u00e9s et s\u00e9ch\u00e9s sans peau. Pour varier les saveurs et les formes, ils sont disponibles en diff\u00e9rentes versions : olive, comt\u00e9 ou noix !<\/p>\n<p>Environ 150g.<\/p>\n","protected":false},"excerpt":{"rendered":"<p>Ces petits saucissons s\u00e9ch\u00e9es artisanalement ont la particularit\u00e9 d&#8217;\u00eatre fabriqu\u00e9s et s\u00e9ch\u00e9s sans peau. Pour varier les saveurs [&hellip;]<\/p>\n","protected":false},"featured_media":3584,"template":"","meta":[],"product_cat":[177,165],"product_tag":[],"acf":[],"_links":{"self":[{"href":"https:\/\/fromagerie-tourrette.bigfamily.dev\/en\/wp-json\/wp\/v2\/product\/3586"}],"collection":[{"href":"https:\/\/fromagerie-tourrette.bigfamily.dev\/en\/wp-json\/wp\/v2\/product"}],"about":[{"href":"https:\/\/fromagerie-tourrette.bigfamily.dev\/en\/wp-json\/wp\/v2\/types\/product"}],"wp:featuredmedia":[{"embeddable":true,"href":"https:\/\/fromagerie-tourrette.bigfamily.dev\/en\/wp-json\/wp\/v2\/media\/3584"}],"wp:attachment":[{"href":"https:\/\/fromagerie-tourrette.bigfamily.dev\/en\/wp-json\/wp\/v2\/media?parent=3586"}],"wp:term":[{"taxonomy":"product_cat","embeddable":true,"href":"https:\/\/fromagerie-tourrette.bigfamily.dev\/en\/wp-json\/wp\/v2\/product_cat?post=3586"},{"taxonomy":"product_tag","embeddable":true,"href":"https:\/\/fromagerie-tourrette.bigfamily.dev\/en\/wp-json\/wp\/v2\/product_tag?post=3586"}],"curies":[{"name":"wp","href":"https:\/\/api.w.org\/{rel}","templated":true}]}}