{"id":3580,"date":"2020-03-26T15:17:32","date_gmt":"2020-03-26T14:17:32","guid":{"rendered":"https:\/\/shop.fromagerie-tourrette.com\/?post_type=product&#038;p=3580"},"modified":"2024-02-08T10:39:59","modified_gmt":"2024-02-08T09:39:59","slug":"chorizo-au-piment-despelette","status":"publish","type":"product","link":"https:\/\/fromagerie-tourrette.bigfamily.dev\/en\/produit\/chorizo-au-piment-despelette\/","title":{"rendered":"Chorizo au piment d&#8217;Espelette"},"content":{"rendered":"<p>Chorizo produit directement dans la ferme o\u00f9 sont \u00e9lev\u00e9s les porcs. La ferme pratique une agriculture durable et respecte ses animaux. Et cela se ressent dans la qualit\u00e9 du produit !<\/p>\n<p>Dans cette recette le piment rouge est remplac\u00e9 par du Piment d\u2019Espelette, dont le piquant ne masque pas les qualit\u00e9s gustatives de la viande (ici \u00e9paule pour le maigre et poitrine pour le bon gras).<\/p>\n<p>Chorizo Artisanal affin\u00e9 de 2 \u00e0 3 mois. Pi\u00e8ce d&#8217;environ 400g.<\/p>\n","protected":false},"excerpt":{"rendered":"<p>Chorizo produit directement dans la ferme o\u00f9 sont \u00e9lev\u00e9s les porcs. La ferme pratique une agriculture durable et [&hellip;]<\/p>\n","protected":false},"featured_media":100432,"template":"","meta":[],"product_cat":[177,165],"product_tag":[],"acf":[],"_links":{"self":[{"href":"https:\/\/fromagerie-tourrette.bigfamily.dev\/en\/wp-json\/wp\/v2\/product\/3580"}],"collection":[{"href":"https:\/\/fromagerie-tourrette.bigfamily.dev\/en\/wp-json\/wp\/v2\/product"}],"about":[{"href":"https:\/\/fromagerie-tourrette.bigfamily.dev\/en\/wp-json\/wp\/v2\/types\/product"}],"wp:featuredmedia":[{"embeddable":true,"href":"https:\/\/fromagerie-tourrette.bigfamily.dev\/en\/wp-json\/wp\/v2\/media\/100432"}],"wp:attachment":[{"href":"https:\/\/fromagerie-tourrette.bigfamily.dev\/en\/wp-json\/wp\/v2\/media?parent=3580"}],"wp:term":[{"taxonomy":"product_cat","embeddable":true,"href":"https:\/\/fromagerie-tourrette.bigfamily.dev\/en\/wp-json\/wp\/v2\/product_cat?post=3580"},{"taxonomy":"product_tag","embeddable":true,"href":"https:\/\/fromagerie-tourrette.bigfamily.dev\/en\/wp-json\/wp\/v2\/product_tag?post=3580"}],"curies":[{"name":"wp","href":"https:\/\/api.w.org\/{rel}","templated":true}]}}