{"id":3578,"date":"2020-03-26T15:17:09","date_gmt":"2020-03-26T14:17:09","guid":{"rendered":"https:\/\/shop.fromagerie-tourrette.com\/?post_type=product&#038;p=3578"},"modified":"2024-02-07T15:38:52","modified_gmt":"2024-02-07T14:38:52","slug":"jesus-du-pays-basque","status":"publish","type":"product","link":"https:\/\/fromagerie-tourrette.bigfamily.dev\/en\/produit\/jesus-du-pays-basque\/","title":{"rendered":"J\u00e9sus du pays Basque"},"content":{"rendered":"<p>Ce saucisson sec basque est produit directement dans la ferme o\u00f9 sont \u00e9lev\u00e9s les porcs, sans colorant ni conservateur artificiel. La ferme pratique une agriculture durable et respecte ses animaux. Et cela se ressent dans la qualit\u00e9 du produit !<\/p>\n<p>J\u00e9sus Pur Porc Artisanal affin\u00e9 de 2 \u00e0 3 mois. Environ 380g<\/p>\n","protected":false},"excerpt":{"rendered":"<p>Ce saucisson sec basque est produit directement dans la ferme o\u00f9 sont \u00e9lev\u00e9s les porcs, sans colorant ni [&hellip;]<\/p>\n","protected":false},"featured_media":100396,"template":"","meta":[],"product_cat":[177,165],"product_tag":[],"acf":[],"_links":{"self":[{"href":"https:\/\/fromagerie-tourrette.bigfamily.dev\/en\/wp-json\/wp\/v2\/product\/3578"}],"collection":[{"href":"https:\/\/fromagerie-tourrette.bigfamily.dev\/en\/wp-json\/wp\/v2\/product"}],"about":[{"href":"https:\/\/fromagerie-tourrette.bigfamily.dev\/en\/wp-json\/wp\/v2\/types\/product"}],"wp:featuredmedia":[{"embeddable":true,"href":"https:\/\/fromagerie-tourrette.bigfamily.dev\/en\/wp-json\/wp\/v2\/media\/100396"}],"wp:attachment":[{"href":"https:\/\/fromagerie-tourrette.bigfamily.dev\/en\/wp-json\/wp\/v2\/media?parent=3578"}],"wp:term":[{"taxonomy":"product_cat","embeddable":true,"href":"https:\/\/fromagerie-tourrette.bigfamily.dev\/en\/wp-json\/wp\/v2\/product_cat?post=3578"},{"taxonomy":"product_tag","embeddable":true,"href":"https:\/\/fromagerie-tourrette.bigfamily.dev\/en\/wp-json\/wp\/v2\/product_tag?post=3578"}],"curies":[{"name":"wp","href":"https:\/\/api.w.org\/{rel}","templated":true}]}}