{"id":3531,"date":"2020-03-26T09:13:36","date_gmt":"2020-03-26T08:13:36","guid":{"rendered":"https:\/\/shop.fromagerie-tourrette.com\/?post_type=product&#038;p=3531"},"modified":"2023-05-31T15:04:14","modified_gmt":"2023-05-31T13:04:14","slug":"crackers-toast-for-cheeses-dattes","status":"publish","type":"product","link":"https:\/\/fromagerie-tourrette.bigfamily.dev\/en\/produit\/crackers-toast-for-cheeses-dattes\/","title":{"rendered":"Crackers Toast for Cheeses &#8211; Dates"},"content":{"rendered":"<p><span lang=\"DE\">Pain grill\u00e9 mince, l\u00e9ger et croustillant (cuit deux fois comme un biscotti) et parsem\u00e9 de fruits, de noix et de graines.<\/span><i><\/i><\/p>\n<p>Toasts dates, noisettes, graines de courge<\/p>\n","protected":false},"excerpt":{"rendered":"<p>Pain grill\u00e9 mince, l\u00e9ger et croustillant (cuit deux fois comme un biscotti) et parsem\u00e9 de fruits, de noix [&hellip;]<\/p>\n","protected":false},"featured_media":3592,"template":"","meta":[],"product_cat":[169,165],"product_tag":[],"acf":[],"_links":{"self":[{"href":"https:\/\/fromagerie-tourrette.bigfamily.dev\/en\/wp-json\/wp\/v2\/product\/3531"}],"collection":[{"href":"https:\/\/fromagerie-tourrette.bigfamily.dev\/en\/wp-json\/wp\/v2\/product"}],"about":[{"href":"https:\/\/fromagerie-tourrette.bigfamily.dev\/en\/wp-json\/wp\/v2\/types\/product"}],"wp:featuredmedia":[{"embeddable":true,"href":"https:\/\/fromagerie-tourrette.bigfamily.dev\/en\/wp-json\/wp\/v2\/media\/3592"}],"wp:attachment":[{"href":"https:\/\/fromagerie-tourrette.bigfamily.dev\/en\/wp-json\/wp\/v2\/media?parent=3531"}],"wp:term":[{"taxonomy":"product_cat","embeddable":true,"href":"https:\/\/fromagerie-tourrette.bigfamily.dev\/en\/wp-json\/wp\/v2\/product_cat?post=3531"},{"taxonomy":"product_tag","embeddable":true,"href":"https:\/\/fromagerie-tourrette.bigfamily.dev\/en\/wp-json\/wp\/v2\/product_tag?post=3531"}],"curies":[{"name":"wp","href":"https:\/\/api.w.org\/{rel}","templated":true}]}}