{"id":3530,"date":"2020-03-26T09:09:53","date_gmt":"2020-03-26T08:09:53","guid":{"rendered":"https:\/\/shop.fromagerie-tourrette.com\/?post_type=product&#038;p=3530"},"modified":"2023-06-26T15:39:55","modified_gmt":"2023-06-26T13:39:55","slug":"bordeaux-chateau-frontenac-2016","status":"publish","type":"product","link":"https:\/\/fromagerie-tourrette.bigfamily.dev\/en\/produit\/bordeaux-chateau-frontenac-2016\/","title":{"rendered":"Bordeaux Ch\u00e2teau Frontenac 2019"},"content":{"rendered":"<p>Vin rouge Bordeau Ch\u00e2teau Frontenac cuv\u00e9e 2016 mis en bouteilles au Ch\u00e2teau, Gironde<\/p>\n<p>Bouteille de 75cl. Alcool 13,5% vol.<\/p>\n","protected":false},"excerpt":{"rendered":"<p>Vin rouge Bordeau Ch\u00e2teau Frontenac cuv\u00e9e 2016 mis en bouteilles au Ch\u00e2teau, Gironde Bouteille de 75cl. Alcool 13,5% [&hellip;]<\/p>\n","protected":false},"featured_media":3601,"template":"","meta":[],"product_cat":[15,165,168],"product_tag":[],"acf":[],"_links":{"self":[{"href":"https:\/\/fromagerie-tourrette.bigfamily.dev\/en\/wp-json\/wp\/v2\/product\/3530"}],"collection":[{"href":"https:\/\/fromagerie-tourrette.bigfamily.dev\/en\/wp-json\/wp\/v2\/product"}],"about":[{"href":"https:\/\/fromagerie-tourrette.bigfamily.dev\/en\/wp-json\/wp\/v2\/types\/product"}],"wp:featuredmedia":[{"embeddable":true,"href":"https:\/\/fromagerie-tourrette.bigfamily.dev\/en\/wp-json\/wp\/v2\/media\/3601"}],"wp:attachment":[{"href":"https:\/\/fromagerie-tourrette.bigfamily.dev\/en\/wp-json\/wp\/v2\/media?parent=3530"}],"wp:term":[{"taxonomy":"product_cat","embeddable":true,"href":"https:\/\/fromagerie-tourrette.bigfamily.dev\/en\/wp-json\/wp\/v2\/product_cat?post=3530"},{"taxonomy":"product_tag","embeddable":true,"href":"https:\/\/fromagerie-tourrette.bigfamily.dev\/en\/wp-json\/wp\/v2\/product_tag?post=3530"}],"curies":[{"name":"wp","href":"https:\/\/api.w.org\/{rel}","templated":true}]}}