{"id":3523,"date":"2020-03-26T08:30:11","date_gmt":"2020-03-26T07:30:11","guid":{"rendered":"https:\/\/shop.fromagerie-tourrette.com\/?post_type=product&#038;p=3523"},"modified":"2020-04-22T11:02:39","modified_gmt":"2020-04-22T09:02:39","slug":"oeufs-plein-air-dalsace-x6","status":"publish","type":"product","link":"https:\/\/fromagerie-tourrette.bigfamily.dev\/en\/produit\/oeufs-plein-air-dalsace-x6\/","title":{"rendered":"Oeufs plein air d&#8217;Alsace x6"},"content":{"rendered":"<p>Oeufs de poule \u00e9lev\u00e9s en plein air en Alsace.<\/p>\n<p>Vendus par bo\u00eete de 6.<\/p>\n<p>&nbsp;<\/p>\n","protected":false},"excerpt":{"rendered":"<p>Oeufs de poule \u00e9lev\u00e9s en plein air en Alsace. Vendus par bo\u00eete de 6. &nbsp;<\/p>\n","protected":false},"featured_media":3576,"template":"","meta":[],"product_cat":[165,171],"product_tag":[],"acf":[],"_links":{"self":[{"href":"https:\/\/fromagerie-tourrette.bigfamily.dev\/en\/wp-json\/wp\/v2\/product\/3523"}],"collection":[{"href":"https:\/\/fromagerie-tourrette.bigfamily.dev\/en\/wp-json\/wp\/v2\/product"}],"about":[{"href":"https:\/\/fromagerie-tourrette.bigfamily.dev\/en\/wp-json\/wp\/v2\/types\/product"}],"wp:featuredmedia":[{"embeddable":true,"href":"https:\/\/fromagerie-tourrette.bigfamily.dev\/en\/wp-json\/wp\/v2\/media\/3576"}],"wp:attachment":[{"href":"https:\/\/fromagerie-tourrette.bigfamily.dev\/en\/wp-json\/wp\/v2\/media?parent=3523"}],"wp:term":[{"taxonomy":"product_cat","embeddable":true,"href":"https:\/\/fromagerie-tourrette.bigfamily.dev\/en\/wp-json\/wp\/v2\/product_cat?post=3523"},{"taxonomy":"product_tag","embeddable":true,"href":"https:\/\/fromagerie-tourrette.bigfamily.dev\/en\/wp-json\/wp\/v2\/product_tag?post=3523"}],"curies":[{"name":"wp","href":"https:\/\/api.w.org\/{rel}","templated":true}]}}