{"id":3520,"date":"2020-03-25T22:42:04","date_gmt":"2020-03-25T21:42:04","guid":{"rendered":"https:\/\/shop.fromagerie-tourrette.com\/?post_type=product&#038;p=3520"},"modified":"2024-01-18T11:42:14","modified_gmt":"2024-01-18T10:42:14","slug":"cabretou-pur-chevre-tranche","status":"publish","type":"product","link":"https:\/\/fromagerie-tourrette.bigfamily.dev\/en\/produit\/cabretou-pur-chevre-tranche\/","title":{"rendered":"Cabretou pur ch\u00e8vre &#8211; tranch\u00e9"},"content":{"rendered":"<p>Le Cabretou est une tomme des Pyr\u00e9n\u00e9es au lait de ch\u00e8vre. Le go\u00fbt se rapproche de celui du bethmale ou de l\u2019ossau Iraty mais en plus subtil.<\/p>\n<p><em>Version tranch\u00e9e pour raclettes.\u00a0<\/em><\/p>\n","protected":false},"excerpt":{"rendered":"<p>Le Cabretou est une tomme des Pyr\u00e9n\u00e9es au lait de ch\u00e8vre. Le go\u00fbt se rapproche de celui du [&hellip;]<\/p>\n","protected":false},"featured_media":15862,"template":"","meta":[],"product_cat":[167,16],"product_tag":[],"acf":[],"_links":{"self":[{"href":"https:\/\/fromagerie-tourrette.bigfamily.dev\/en\/wp-json\/wp\/v2\/product\/3520"}],"collection":[{"href":"https:\/\/fromagerie-tourrette.bigfamily.dev\/en\/wp-json\/wp\/v2\/product"}],"about":[{"href":"https:\/\/fromagerie-tourrette.bigfamily.dev\/en\/wp-json\/wp\/v2\/types\/product"}],"wp:featuredmedia":[{"embeddable":true,"href":"https:\/\/fromagerie-tourrette.bigfamily.dev\/en\/wp-json\/wp\/v2\/media\/15862"}],"wp:attachment":[{"href":"https:\/\/fromagerie-tourrette.bigfamily.dev\/en\/wp-json\/wp\/v2\/media?parent=3520"}],"wp:term":[{"taxonomy":"product_cat","embeddable":true,"href":"https:\/\/fromagerie-tourrette.bigfamily.dev\/en\/wp-json\/wp\/v2\/product_cat?post=3520"},{"taxonomy":"product_tag","embeddable":true,"href":"https:\/\/fromagerie-tourrette.bigfamily.dev\/en\/wp-json\/wp\/v2\/product_tag?post=3520"}],"curies":[{"name":"wp","href":"https:\/\/api.w.org\/{rel}","templated":true}]}}