{"id":3519,"date":"2020-03-25T22:41:25","date_gmt":"2020-03-25T21:41:25","guid":{"rendered":"https:\/\/shop.fromagerie-tourrette.com\/?post_type=product&#038;p=3519"},"modified":"2024-01-18T11:42:45","modified_gmt":"2024-01-18T10:42:45","slug":"raclette-au-vin-blanc-tranche","status":"publish","type":"product","link":"https:\/\/fromagerie-tourrette.bigfamily.dev\/en\/produit\/raclette-au-vin-blanc-tranche\/","title":{"rendered":"Raclette du Jura &#8211; tranch\u00e9e"},"content":{"rendered":"<p>Fromage au lait cru du massif jurassien. Les vaches laiti\u00e8res ont une alimentation \u00e0 base de foin et d&#8217;herbe (Absence d&#8217;aliments ferment\u00e9s type ensilage). La collecte du lait se fait quotidiennement.<\/p>\n<p><em>Version tranch\u00e9e pour raclette.\u00a0<\/em><\/p>\n","protected":false},"excerpt":{"rendered":"<p>Fromage au lait cru du massif jurassien. Les vaches laiti\u00e8res ont une alimentation \u00e0 base de foin et [&hellip;]<\/p>\n","protected":false},"featured_media":15865,"template":"","meta":[],"product_cat":[167,16],"product_tag":[],"acf":[],"_links":{"self":[{"href":"https:\/\/fromagerie-tourrette.bigfamily.dev\/en\/wp-json\/wp\/v2\/product\/3519"}],"collection":[{"href":"https:\/\/fromagerie-tourrette.bigfamily.dev\/en\/wp-json\/wp\/v2\/product"}],"about":[{"href":"https:\/\/fromagerie-tourrette.bigfamily.dev\/en\/wp-json\/wp\/v2\/types\/product"}],"wp:featuredmedia":[{"embeddable":true,"href":"https:\/\/fromagerie-tourrette.bigfamily.dev\/en\/wp-json\/wp\/v2\/media\/15865"}],"wp:attachment":[{"href":"https:\/\/fromagerie-tourrette.bigfamily.dev\/en\/wp-json\/wp\/v2\/media?parent=3519"}],"wp:term":[{"taxonomy":"product_cat","embeddable":true,"href":"https:\/\/fromagerie-tourrette.bigfamily.dev\/en\/wp-json\/wp\/v2\/product_cat?post=3519"},{"taxonomy":"product_tag","embeddable":true,"href":"https:\/\/fromagerie-tourrette.bigfamily.dev\/en\/wp-json\/wp\/v2\/product_tag?post=3519"}],"curies":[{"name":"wp","href":"https:\/\/api.w.org\/{rel}","templated":true}]}}