{"id":3518,"date":"2020-03-25T22:40:52","date_gmt":"2020-03-25T21:40:52","guid":{"rendered":"https:\/\/shop.fromagerie-tourrette.com\/?post_type=product&#038;p=3518"},"modified":"2024-01-18T11:43:10","modified_gmt":"2024-01-18T10:43:10","slug":"raclette-de-brebis-tranche","status":"publish","type":"product","link":"https:\/\/fromagerie-tourrette.bigfamily.dev\/en\/produit\/raclette-de-brebis-tranche\/","title":{"rendered":"Raclette de brebis &#8211; tranch\u00e9"},"content":{"rendered":"<p>La Raclette de brebis est assez originale de part son go\u00fbt doux et fin.<br \/>\nSa p\u00e2te est ferme mais fond facilement. Lorsque le fromage est chauff\u00e9 pour fondre, il d\u00e9veloppe un riche go\u00fbt de lait de brebis plaisant en bouche. On peut manger la cro\u00fbte qui est naturelle!<\/p>\n<p><em>Version tranch\u00e9e pour raclettes.\u00a0<\/em><\/p>\n","protected":false},"excerpt":{"rendered":"<p>La Raclette de brebis est assez originale de part son go\u00fbt doux et fin. Sa p\u00e2te est ferme [&hellip;]<\/p>\n","protected":false},"featured_media":15871,"template":"","meta":[],"product_cat":[167,16],"product_tag":[],"acf":[],"_links":{"self":[{"href":"https:\/\/fromagerie-tourrette.bigfamily.dev\/en\/wp-json\/wp\/v2\/product\/3518"}],"collection":[{"href":"https:\/\/fromagerie-tourrette.bigfamily.dev\/en\/wp-json\/wp\/v2\/product"}],"about":[{"href":"https:\/\/fromagerie-tourrette.bigfamily.dev\/en\/wp-json\/wp\/v2\/types\/product"}],"wp:featuredmedia":[{"embeddable":true,"href":"https:\/\/fromagerie-tourrette.bigfamily.dev\/en\/wp-json\/wp\/v2\/media\/15871"}],"wp:attachment":[{"href":"https:\/\/fromagerie-tourrette.bigfamily.dev\/en\/wp-json\/wp\/v2\/media?parent=3518"}],"wp:term":[{"taxonomy":"product_cat","embeddable":true,"href":"https:\/\/fromagerie-tourrette.bigfamily.dev\/en\/wp-json\/wp\/v2\/product_cat?post=3518"},{"taxonomy":"product_tag","embeddable":true,"href":"https:\/\/fromagerie-tourrette.bigfamily.dev\/en\/wp-json\/wp\/v2\/product_tag?post=3518"}],"curies":[{"name":"wp","href":"https:\/\/api.w.org\/{rel}","templated":true}]}}