{"id":3513,"date":"2020-03-26T08:33:17","date_gmt":"2020-03-26T07:33:17","guid":{"rendered":"https:\/\/shop.fromagerie-tourrette.com\/?post_type=product&#038;p=3513"},"modified":"2023-05-31T14:25:23","modified_gmt":"2023-05-31T12:25:23","slug":"yaourt-a-lancienne-maritza-nature-x4","status":"publish","type":"product","link":"https:\/\/fromagerie-tourrette.bigfamily.dev\/en\/produit\/yaourt-a-lancienne-maritza-nature-x4\/","title":{"rendered":"Yaourt \u00e0 l&#8217;ancienne Maritza nature x4"},"content":{"rendered":"<p>Yaourt nature \u00e0 l&#8217;ancienne produit par la laiterie Savall pr\u00e8s de la ville d&#8217;Orl\u00e9ans. Le go\u00fbt est doux et la consistance ferme. Conditionn\u00e9 dans un pot en verre, vendu par lot de 4. Pot de 125g.<\/p>\n<div id=\"panel1\" class=\"tab-content content tab-ingredient tab-content--active clearfix\" role=\"tabpanel\" aria-labelledby=\"tab-ingredient\" aria-hidden=\"false\" data-tabcontent=\"tab-ingredient\">\n<p>Ingr\u00e9dients : Lait entier 97,2%, Lait \u00e9cr\u00e9m\u00e9 en poudre, Ferments lactiques.<\/p>\n<\/div>\n","protected":false},"excerpt":{"rendered":"<p>Yaourt nature \u00e0 l&#8217;ancienne produit par la laiterie Savall pr\u00e8s de la ville d&#8217;Orl\u00e9ans. Le go\u00fbt est doux [&hellip;]<\/p>\n","protected":false},"featured_media":11056,"template":"","meta":[],"product_cat":[166,165],"product_tag":[],"acf":[],"_links":{"self":[{"href":"https:\/\/fromagerie-tourrette.bigfamily.dev\/en\/wp-json\/wp\/v2\/product\/3513"}],"collection":[{"href":"https:\/\/fromagerie-tourrette.bigfamily.dev\/en\/wp-json\/wp\/v2\/product"}],"about":[{"href":"https:\/\/fromagerie-tourrette.bigfamily.dev\/en\/wp-json\/wp\/v2\/types\/product"}],"wp:featuredmedia":[{"embeddable":true,"href":"https:\/\/fromagerie-tourrette.bigfamily.dev\/en\/wp-json\/wp\/v2\/media\/11056"}],"wp:attachment":[{"href":"https:\/\/fromagerie-tourrette.bigfamily.dev\/en\/wp-json\/wp\/v2\/media?parent=3513"}],"wp:term":[{"taxonomy":"product_cat","embeddable":true,"href":"https:\/\/fromagerie-tourrette.bigfamily.dev\/en\/wp-json\/wp\/v2\/product_cat?post=3513"},{"taxonomy":"product_tag","embeddable":true,"href":"https:\/\/fromagerie-tourrette.bigfamily.dev\/en\/wp-json\/wp\/v2\/product_tag?post=3513"}],"curies":[{"name":"wp","href":"https:\/\/api.w.org\/{rel}","templated":true}]}}