{"id":3510,"date":"2020-03-25T22:03:14","date_gmt":"2020-03-25T21:03:14","guid":{"rendered":"https:\/\/shop.fromagerie-tourrette.com\/?post_type=product&#038;p=3510"},"modified":"2023-07-05T15:28:27","modified_gmt":"2023-07-05T13:28:27","slug":"beurre-cru-doux","status":"publish","type":"product","link":"https:\/\/fromagerie-tourrette.bigfamily.dev\/en\/produit\/beurre-cru-doux\/","title":{"rendered":"Beurre cru doux"},"content":{"rendered":"<p>Beurre fabriqu\u00e9 en baratte traditionnelle par la laiterie de Pamplie en Nouvelle-Aquitaine, \u00e0 partir de lait cru ce qui lui conf\u00e8re un go\u00fbt plus prononc\u00e9. Le lait est r\u00e9colt\u00e9 dans un rayon de 30km autour de la laiterie.<\/p>\n<p>Pain de 250g. Existe aussi aux grains de sel<\/p>\n","protected":false},"excerpt":{"rendered":"<p>Beurre fabriqu\u00e9 en baratte traditionnelle par la laiterie de Pamplie en Nouvelle-Aquitaine, \u00e0 partir de lait cru ce [&hellip;]<\/p>\n","protected":false},"featured_media":3564,"template":"","meta":[],"product_cat":[166,165],"product_tag":[],"acf":[],"_links":{"self":[{"href":"https:\/\/fromagerie-tourrette.bigfamily.dev\/en\/wp-json\/wp\/v2\/product\/3510"}],"collection":[{"href":"https:\/\/fromagerie-tourrette.bigfamily.dev\/en\/wp-json\/wp\/v2\/product"}],"about":[{"href":"https:\/\/fromagerie-tourrette.bigfamily.dev\/en\/wp-json\/wp\/v2\/types\/product"}],"wp:featuredmedia":[{"embeddable":true,"href":"https:\/\/fromagerie-tourrette.bigfamily.dev\/en\/wp-json\/wp\/v2\/media\/3564"}],"wp:attachment":[{"href":"https:\/\/fromagerie-tourrette.bigfamily.dev\/en\/wp-json\/wp\/v2\/media?parent=3510"}],"wp:term":[{"taxonomy":"product_cat","embeddable":true,"href":"https:\/\/fromagerie-tourrette.bigfamily.dev\/en\/wp-json\/wp\/v2\/product_cat?post=3510"},{"taxonomy":"product_tag","embeddable":true,"href":"https:\/\/fromagerie-tourrette.bigfamily.dev\/en\/wp-json\/wp\/v2\/product_tag?post=3510"}],"curies":[{"name":"wp","href":"https:\/\/api.w.org\/{rel}","templated":true}]}}