{"id":3509,"date":"2020-03-26T08:36:22","date_gmt":"2020-03-26T07:36:22","guid":{"rendered":"https:\/\/shop.fromagerie-tourrette.com\/?post_type=product&#038;p=3509"},"modified":"2024-02-07T14:59:01","modified_gmt":"2024-02-07T13:59:01","slug":"beurre-cru-aux-grains-de-sel","status":"publish","type":"product","link":"https:\/\/fromagerie-tourrette.bigfamily.dev\/en\/produit\/beurre-cru-aux-grains-de-sel\/","title":{"rendered":"Beurre cru aux grains de sel"},"content":{"rendered":"<p>Beurre fabriqu\u00e9 en baratte traditionnelle par la laiterie de Pamplie en Nouvelle-Aquitaine, \u00e0 partir de lait cru ce qui lui conf\u00e8re un go\u00fbt plus prononc\u00e9. Le lait est r\u00e9colt\u00e9 dans un rayon de 30km autour de la laiterie.<\/p>\n<p>Pain de 250g. Existe aussi en doux<\/p>\n","protected":false},"excerpt":{"rendered":"<p>Beurre fabriqu\u00e9 en baratte traditionnelle par la laiterie de Pamplie en Nouvelle-Aquitaine, \u00e0 partir de lait cru ce [&hellip;]<\/p>\n","protected":false},"featured_media":3565,"template":"","meta":[],"product_cat":[166],"product_tag":[],"acf":[],"_links":{"self":[{"href":"https:\/\/fromagerie-tourrette.bigfamily.dev\/en\/wp-json\/wp\/v2\/product\/3509"}],"collection":[{"href":"https:\/\/fromagerie-tourrette.bigfamily.dev\/en\/wp-json\/wp\/v2\/product"}],"about":[{"href":"https:\/\/fromagerie-tourrette.bigfamily.dev\/en\/wp-json\/wp\/v2\/types\/product"}],"wp:featuredmedia":[{"embeddable":true,"href":"https:\/\/fromagerie-tourrette.bigfamily.dev\/en\/wp-json\/wp\/v2\/media\/3565"}],"wp:attachment":[{"href":"https:\/\/fromagerie-tourrette.bigfamily.dev\/en\/wp-json\/wp\/v2\/media?parent=3509"}],"wp:term":[{"taxonomy":"product_cat","embeddable":true,"href":"https:\/\/fromagerie-tourrette.bigfamily.dev\/en\/wp-json\/wp\/v2\/product_cat?post=3509"},{"taxonomy":"product_tag","embeddable":true,"href":"https:\/\/fromagerie-tourrette.bigfamily.dev\/en\/wp-json\/wp\/v2\/product_tag?post=3509"}],"curies":[{"name":"wp","href":"https:\/\/api.w.org\/{rel}","templated":true}]}}