{"id":1395,"date":"2019-02-26T10:01:24","date_gmt":"2019-02-26T09:01:24","guid":{"rendered":"http:\/\/shop.fromagerie-tourrette.com\/?post_type=product&#038;p=1395"},"modified":"2024-01-09T14:01:55","modified_gmt":"2024-01-09T13:01:55","slug":"piece-montee","status":"publish","type":"product","link":"https:\/\/fromagerie-tourrette.bigfamily.dev\/en\/produit\/piece-montee\/","title":{"rendered":"Pi\u00e8ce mont\u00e9e"},"content":{"rendered":"<p><em>Produit indisponible pour les f\u00eates d&#8217;ann\u00e9es. Pour tout renseignement ou commande hors p\u00e9riode de f\u00eates, merci de contacter votre boutique.\u00a0<\/em><\/p>\n<p>&nbsp;<\/p>\n<p>&nbsp;<\/p>\n","protected":false},"excerpt":{"rendered":"<p>Produit indisponible pour les f\u00eates d&#8217;ann\u00e9es. Pour tout renseignement ou commande hors p\u00e9riode de f\u00eates, merci de contacter [&hellip;]<\/p>\n","protected":false},"featured_media":92145,"template":"","meta":[],"product_cat":[160,156],"product_tag":[],"acf":[],"_links":{"self":[{"href":"https:\/\/fromagerie-tourrette.bigfamily.dev\/en\/wp-json\/wp\/v2\/product\/1395"}],"collection":[{"href":"https:\/\/fromagerie-tourrette.bigfamily.dev\/en\/wp-json\/wp\/v2\/product"}],"about":[{"href":"https:\/\/fromagerie-tourrette.bigfamily.dev\/en\/wp-json\/wp\/v2\/types\/product"}],"wp:featuredmedia":[{"embeddable":true,"href":"https:\/\/fromagerie-tourrette.bigfamily.dev\/en\/wp-json\/wp\/v2\/media\/92145"}],"wp:attachment":[{"href":"https:\/\/fromagerie-tourrette.bigfamily.dev\/en\/wp-json\/wp\/v2\/media?parent=1395"}],"wp:term":[{"taxonomy":"product_cat","embeddable":true,"href":"https:\/\/fromagerie-tourrette.bigfamily.dev\/en\/wp-json\/wp\/v2\/product_cat?post=1395"},{"taxonomy":"product_tag","embeddable":true,"href":"https:\/\/fromagerie-tourrette.bigfamily.dev\/en\/wp-json\/wp\/v2\/product_tag?post=1395"}],"curies":[{"name":"wp","href":"https:\/\/api.w.org\/{rel}","templated":true}]}}