{"id":1370,"date":"2019-02-26T09:12:08","date_gmt":"2019-02-26T08:12:08","guid":{"rendered":"http:\/\/shop.fromagerie-tourrette.com\/?post_type=product&#038;p=1370"},"modified":"2024-01-18T16:02:55","modified_gmt":"2024-01-18T15:02:55","slug":"plateau-cocktail","status":"publish","type":"product","link":"https:\/\/fromagerie-tourrette.bigfamily.dev\/en\/produit\/plateau-cocktail\/","title":{"rendered":"Plateau cocktail"},"content":{"rendered":"<p><em>Produit indisponible pour les f\u00eates d&#8217;ann\u00e9es. Pour tout renseignement ou commande hors p\u00e9riode de f\u00eates, merci de contacter votre boutique.\u00a0<\/em><\/p>\n<p>&nbsp;<\/p>\n<p>Assortiment de fromages pr\u00e9d\u00e9coup\u00e9s et de bouch\u00e9es fromag\u00e8res, pr\u00eat \u00e0 d\u00e9guster. Id\u00e9al pour vos \u00e9v\u00e9nements en grand nombre, f\u00eates de famille, mariages, soir\u00e9es d&#8217;entreprise, etc. Environ 100g de fromage par personne.<\/p>\n<p>Plateau indisponible pour les f\u00eates de fin d&#8217;ann\u00e9e.<\/p>\n<p>Pour toute demande veuillez contacter votre point de vente par t\u00e9l\u00e9phone, merci pour votre compr\u00e9hension.<\/p>\n<p><i>Pensez \u00e0 ramener vos anciens plateaux en boutiques, nous\u00a0recyclons les supports en bois ! 1\u20ac de remise imm\u00e9diate sur le montant de vos achats.<\/i><\/p>\n","protected":false},"excerpt":{"rendered":"<p>Produit indisponible pour les f\u00eates d&#8217;ann\u00e9es. Pour tout renseignement ou commande hors p\u00e9riode de f\u00eates, merci de contacter [&hellip;]<\/p>\n","protected":false},"featured_media":92129,"template":"","meta":[],"product_cat":[160,156],"product_tag":[],"acf":[],"_links":{"self":[{"href":"https:\/\/fromagerie-tourrette.bigfamily.dev\/en\/wp-json\/wp\/v2\/product\/1370"}],"collection":[{"href":"https:\/\/fromagerie-tourrette.bigfamily.dev\/en\/wp-json\/wp\/v2\/product"}],"about":[{"href":"https:\/\/fromagerie-tourrette.bigfamily.dev\/en\/wp-json\/wp\/v2\/types\/product"}],"wp:featuredmedia":[{"embeddable":true,"href":"https:\/\/fromagerie-tourrette.bigfamily.dev\/en\/wp-json\/wp\/v2\/media\/92129"}],"wp:attachment":[{"href":"https:\/\/fromagerie-tourrette.bigfamily.dev\/en\/wp-json\/wp\/v2\/media?parent=1370"}],"wp:term":[{"taxonomy":"product_cat","embeddable":true,"href":"https:\/\/fromagerie-tourrette.bigfamily.dev\/en\/wp-json\/wp\/v2\/product_cat?post=1370"},{"taxonomy":"product_tag","embeddable":true,"href":"https:\/\/fromagerie-tourrette.bigfamily.dev\/en\/wp-json\/wp\/v2\/product_tag?post=1370"}],"curies":[{"name":"wp","href":"https:\/\/api.w.org\/{rel}","templated":true}]}}