{"id":1094,"date":"2018-11-02T11:54:50","date_gmt":"2018-11-02T10:54:50","guid":{"rendered":"http:\/\/shop.fromagerie-tourrette.com\/boutique\/produit\/raclette-fumee\/"},"modified":"2024-02-28T13:48:34","modified_gmt":"2024-02-28T12:48:34","slug":"raclette-fumee","status":"publish","type":"product","link":"https:\/\/fromagerie-tourrette.bigfamily.dev\/en\/produit\/raclette-fumee\/","title":{"rendered":"Raclette fum\u00e9e &#8211; tranch\u00e9e"},"content":{"rendered":"<p>Cette raclette a la particularit\u00e9 d&#8217;\u00eatre plac\u00e9e en fumoir pour lui conf\u00e9rer cette saveur fum\u00e9e d\u00e9licate. L&#8217;id\u00e9al est de manger la cro\u00fbte pour en ressentir tous les ar\u00f4mes.<\/p>\n","protected":false},"excerpt":{"rendered":"<p>Cette raclette a la particularit\u00e9 d&#8217;\u00eatre plac\u00e9e en fumoir pour lui conf\u00e9rer cette saveur fum\u00e9e d\u00e9licate. L&#8217;id\u00e9al est [&hellip;]<\/p>\n","protected":false},"featured_media":15880,"template":"","meta":[],"product_cat":[167,16],"product_tag":[],"acf":[],"_links":{"self":[{"href":"https:\/\/fromagerie-tourrette.bigfamily.dev\/en\/wp-json\/wp\/v2\/product\/1094"}],"collection":[{"href":"https:\/\/fromagerie-tourrette.bigfamily.dev\/en\/wp-json\/wp\/v2\/product"}],"about":[{"href":"https:\/\/fromagerie-tourrette.bigfamily.dev\/en\/wp-json\/wp\/v2\/types\/product"}],"wp:featuredmedia":[{"embeddable":true,"href":"https:\/\/fromagerie-tourrette.bigfamily.dev\/en\/wp-json\/wp\/v2\/media\/15880"}],"wp:attachment":[{"href":"https:\/\/fromagerie-tourrette.bigfamily.dev\/en\/wp-json\/wp\/v2\/media?parent=1094"}],"wp:term":[{"taxonomy":"product_cat","embeddable":true,"href":"https:\/\/fromagerie-tourrette.bigfamily.dev\/en\/wp-json\/wp\/v2\/product_cat?post=1094"},{"taxonomy":"product_tag","embeddable":true,"href":"https:\/\/fromagerie-tourrette.bigfamily.dev\/en\/wp-json\/wp\/v2\/product_tag?post=1094"}],"curies":[{"name":"wp","href":"https:\/\/api.w.org\/{rel}","templated":true}]}}