{"id":1084,"date":"2018-11-02T11:54:02","date_gmt":"2018-11-02T10:54:02","guid":{"rendered":"http:\/\/shop.fromagerie-tourrette.com\/boutique\/produit\/pont-leveque-aop-2\/"},"modified":"2024-02-02T15:25:34","modified_gmt":"2024-02-02T14:25:34","slug":"pont-leveque-aop-2","status":"publish","type":"product","link":"https:\/\/fromagerie-tourrette.bigfamily.dev\/en\/produit\/pont-leveque-aop-2\/","title":{"rendered":"Pont l&#8217;\u00e9v\u00e8que AOP"},"content":{"rendered":"<p>Fromage en forme rectangulaire, \u00e0 p\u00e2te molle et \u00e0 cro\u00fbte mixte. Se consomme dans l&#8217;\u00e9tat, avec la cro\u00fbte, et reste compatible avec quelconque usage en cuisson.<\/p>\n","protected":false},"excerpt":{"rendered":"<p>Fromage en forme rectangulaire, \u00e0 p\u00e2te molle et \u00e0 cro\u00fbte mixte. Se consomme dans l&#8217;\u00e9tat, avec la cro\u00fbte, [&hellip;]<\/p>\n","protected":false},"featured_media":100282,"template":"","meta":[],"product_cat":[16],"product_tag":[],"acf":[],"_links":{"self":[{"href":"https:\/\/fromagerie-tourrette.bigfamily.dev\/en\/wp-json\/wp\/v2\/product\/1084"}],"collection":[{"href":"https:\/\/fromagerie-tourrette.bigfamily.dev\/en\/wp-json\/wp\/v2\/product"}],"about":[{"href":"https:\/\/fromagerie-tourrette.bigfamily.dev\/en\/wp-json\/wp\/v2\/types\/product"}],"wp:featuredmedia":[{"embeddable":true,"href":"https:\/\/fromagerie-tourrette.bigfamily.dev\/en\/wp-json\/wp\/v2\/media\/100282"}],"wp:attachment":[{"href":"https:\/\/fromagerie-tourrette.bigfamily.dev\/en\/wp-json\/wp\/v2\/media?parent=1084"}],"wp:term":[{"taxonomy":"product_cat","embeddable":true,"href":"https:\/\/fromagerie-tourrette.bigfamily.dev\/en\/wp-json\/wp\/v2\/product_cat?post=1084"},{"taxonomy":"product_tag","embeddable":true,"href":"https:\/\/fromagerie-tourrette.bigfamily.dev\/en\/wp-json\/wp\/v2\/product_tag?post=1084"}],"curies":[{"name":"wp","href":"https:\/\/api.w.org\/{rel}","templated":true}]}}