{"id":1079,"date":"2018-11-02T11:53:40","date_gmt":"2018-11-02T10:53:40","guid":{"rendered":"http:\/\/shop.fromagerie-tourrette.com\/boutique\/produit\/saint-marcellin-coupelle-gres-igp\/"},"modified":"2024-02-02T15:50:29","modified_gmt":"2024-02-02T14:50:29","slug":"saint-marcellin-coupelle-gres-igp","status":"publish","type":"product","link":"https:\/\/fromagerie-tourrette.bigfamily.dev\/en\/produit\/saint-marcellin-coupelle-gres-igp\/","title":{"rendered":"Saint Marcellin IGP coupelle gr\u00e8s"},"content":{"rendered":"<p>Pr\u00e9sent\u00e9 dans un contenant en gr\u00e8s, ce petit fromage au lait de vache, fait fondre tous les gourmands avec ses saveurs douces et son cr\u00e9meux, tout en \u00e9tant puissant \u00e0 la fois. Il r\u00e9v\u00e8le des ar\u00f4mes plus ou moins typ\u00e9 selon son affinage.<\/p>\n","protected":false},"excerpt":{"rendered":"<p>Pr\u00e9sent\u00e9 dans un contenant en gr\u00e8s, ce petit fromage au lait de vache, fait fondre tous les gourmands [&hellip;]<\/p>\n","protected":false},"featured_media":100327,"template":"","meta":[],"product_cat":[16],"product_tag":[],"acf":[],"_links":{"self":[{"href":"https:\/\/fromagerie-tourrette.bigfamily.dev\/en\/wp-json\/wp\/v2\/product\/1079"}],"collection":[{"href":"https:\/\/fromagerie-tourrette.bigfamily.dev\/en\/wp-json\/wp\/v2\/product"}],"about":[{"href":"https:\/\/fromagerie-tourrette.bigfamily.dev\/en\/wp-json\/wp\/v2\/types\/product"}],"wp:featuredmedia":[{"embeddable":true,"href":"https:\/\/fromagerie-tourrette.bigfamily.dev\/en\/wp-json\/wp\/v2\/media\/100327"}],"wp:attachment":[{"href":"https:\/\/fromagerie-tourrette.bigfamily.dev\/en\/wp-json\/wp\/v2\/media?parent=1079"}],"wp:term":[{"taxonomy":"product_cat","embeddable":true,"href":"https:\/\/fromagerie-tourrette.bigfamily.dev\/en\/wp-json\/wp\/v2\/product_cat?post=1079"},{"taxonomy":"product_tag","embeddable":true,"href":"https:\/\/fromagerie-tourrette.bigfamily.dev\/en\/wp-json\/wp\/v2\/product_tag?post=1079"}],"curies":[{"name":"wp","href":"https:\/\/api.w.org\/{rel}","templated":true}]}}