{"id":1073,"date":"2018-11-02T11:53:17","date_gmt":"2018-11-02T10:53:17","guid":{"rendered":"http:\/\/shop.fromagerie-tourrette.com\/boutique\/produit\/cremeux-truffe\/"},"modified":"2024-01-18T13:36:11","modified_gmt":"2024-01-18T12:36:11","slug":"cremeux-truffe","status":"publish","type":"product","link":"https:\/\/fromagerie-tourrette.bigfamily.dev\/en\/produit\/cremeux-truffe\/","title":{"rendered":"Cr\u00e9meux truff\u00e9"},"content":{"rendered":"<p>Fromage \u00e0 p\u00e2te molle double cr\u00e8me, \u00e0 cro\u00fbte fleurie, fourr\u00e9 \u00e0 la truffe d&#8217;\u00e9t\u00e9, moul\u00e9 \u00e0 la louche et mis sous cloche.<\/p>\n","protected":false},"excerpt":{"rendered":"<p>Fromage \u00e0 p\u00e2te molle double cr\u00e8me, \u00e0 cro\u00fbte fleurie, fourr\u00e9 \u00e0 la truffe d&#8217;\u00e9t\u00e9, moul\u00e9 \u00e0 la louche [&hellip;]<\/p>\n","protected":false},"featured_media":15913,"template":"","meta":[],"product_cat":[16],"product_tag":[],"acf":[],"_links":{"self":[{"href":"https:\/\/fromagerie-tourrette.bigfamily.dev\/en\/wp-json\/wp\/v2\/product\/1073"}],"collection":[{"href":"https:\/\/fromagerie-tourrette.bigfamily.dev\/en\/wp-json\/wp\/v2\/product"}],"about":[{"href":"https:\/\/fromagerie-tourrette.bigfamily.dev\/en\/wp-json\/wp\/v2\/types\/product"}],"wp:featuredmedia":[{"embeddable":true,"href":"https:\/\/fromagerie-tourrette.bigfamily.dev\/en\/wp-json\/wp\/v2\/media\/15913"}],"wp:attachment":[{"href":"https:\/\/fromagerie-tourrette.bigfamily.dev\/en\/wp-json\/wp\/v2\/media?parent=1073"}],"wp:term":[{"taxonomy":"product_cat","embeddable":true,"href":"https:\/\/fromagerie-tourrette.bigfamily.dev\/en\/wp-json\/wp\/v2\/product_cat?post=1073"},{"taxonomy":"product_tag","embeddable":true,"href":"https:\/\/fromagerie-tourrette.bigfamily.dev\/en\/wp-json\/wp\/v2\/product_tag?post=1073"}],"curies":[{"name":"wp","href":"https:\/\/api.w.org\/{rel}","templated":true}]}}