{"id":1042,"date":"2018-11-02T10:31:12","date_gmt":"2018-11-02T09:31:12","guid":{"rendered":"http:\/\/shop.fromagerie-tourrette.com\/boutique\/produit\/stilton-traditionnel-aop\/"},"modified":"2022-03-24T10:32:41","modified_gmt":"2022-03-24T09:32:41","slug":"stilton-traditionnel-aop","status":"publish","type":"product","link":"https:\/\/fromagerie-tourrette.bigfamily.dev\/en\/produit\/stilton-traditionnel-aop\/","title":{"rendered":"Stilton Traditionnel AOP"},"content":{"rendered":"<p>Un des rares fromages anglais \u00e0 avoir re\u00e7u le label AOP de la Commission europ\u00e9enne, il est fabriqu\u00e9 avec du lait d\u2019\u00e9t\u00e9 dont le caill\u00e9 est ensemenc\u00e9 au Penicilium Roqueforti. Depuis l\u2019\u00e9poque victorienne, il est consomm\u00e9 avec des vins doux ou liquoreux , traditionnellement \u00e0 la p\u00e9riode des f\u00eates de fin d\u2019ann\u00e9e.<\/p>\n","protected":false},"excerpt":{"rendered":"<p>Un des rares fromages anglais \u00e0 avoir re\u00e7u le label AOP de la Commission europ\u00e9enne, il est fabriqu\u00e9 [&hellip;]<\/p>\n","protected":false},"featured_media":15940,"template":"","meta":[],"product_cat":[16],"product_tag":[],"acf":[],"_links":{"self":[{"href":"https:\/\/fromagerie-tourrette.bigfamily.dev\/en\/wp-json\/wp\/v2\/product\/1042"}],"collection":[{"href":"https:\/\/fromagerie-tourrette.bigfamily.dev\/en\/wp-json\/wp\/v2\/product"}],"about":[{"href":"https:\/\/fromagerie-tourrette.bigfamily.dev\/en\/wp-json\/wp\/v2\/types\/product"}],"wp:featuredmedia":[{"embeddable":true,"href":"https:\/\/fromagerie-tourrette.bigfamily.dev\/en\/wp-json\/wp\/v2\/media\/15940"}],"wp:attachment":[{"href":"https:\/\/fromagerie-tourrette.bigfamily.dev\/en\/wp-json\/wp\/v2\/media?parent=1042"}],"wp:term":[{"taxonomy":"product_cat","embeddable":true,"href":"https:\/\/fromagerie-tourrette.bigfamily.dev\/en\/wp-json\/wp\/v2\/product_cat?post=1042"},{"taxonomy":"product_tag","embeddable":true,"href":"https:\/\/fromagerie-tourrette.bigfamily.dev\/en\/wp-json\/wp\/v2\/product_tag?post=1042"}],"curies":[{"name":"wp","href":"https:\/\/api.w.org\/{rel}","templated":true}]}}