{"id":1032,"date":"2018-11-02T10:30:38","date_gmt":"2018-11-02T09:30:38","guid":{"rendered":"http:\/\/shop.fromagerie-tourrette.com\/boutique\/produit\/bleu-de-queyras\/"},"modified":"2024-01-18T13:43:23","modified_gmt":"2024-01-18T12:43:23","slug":"bleu-de-queyras","status":"publish","type":"product","link":"https:\/\/fromagerie-tourrette.bigfamily.dev\/en\/produit\/bleu-de-queyras\/","title":{"rendered":"Bleu de Queyras"},"content":{"rendered":"<p>Issu de la fabrication artisanale de producteurs regroup\u00e9s en coop\u00e9rative, ce fromage \u00e0 p\u00e2te persill\u00e9e est fabriqu\u00e9 dans le massif du m\u00eame nom. Le lait provient d\u2019une trentaine de hameaux aux alentours de Rochebrune et le fromage est affin\u00e9 dans les caves de la vieille ville. L\u00e9g\u00e8rement friable, ce bleu est typ\u00e9, voir m\u00eame piquant.<\/p>\n","protected":false},"excerpt":{"rendered":"<p>Issu de la fabrication artisanale de producteurs regroup\u00e9s en coop\u00e9rative, ce fromage \u00e0 p\u00e2te persill\u00e9e est fabriqu\u00e9 dans [&hellip;]<\/p>\n","protected":false},"featured_media":15955,"template":"","meta":[],"product_cat":[16],"product_tag":[],"acf":[],"_links":{"self":[{"href":"https:\/\/fromagerie-tourrette.bigfamily.dev\/en\/wp-json\/wp\/v2\/product\/1032"}],"collection":[{"href":"https:\/\/fromagerie-tourrette.bigfamily.dev\/en\/wp-json\/wp\/v2\/product"}],"about":[{"href":"https:\/\/fromagerie-tourrette.bigfamily.dev\/en\/wp-json\/wp\/v2\/types\/product"}],"wp:featuredmedia":[{"embeddable":true,"href":"https:\/\/fromagerie-tourrette.bigfamily.dev\/en\/wp-json\/wp\/v2\/media\/15955"}],"wp:attachment":[{"href":"https:\/\/fromagerie-tourrette.bigfamily.dev\/en\/wp-json\/wp\/v2\/media?parent=1032"}],"wp:term":[{"taxonomy":"product_cat","embeddable":true,"href":"https:\/\/fromagerie-tourrette.bigfamily.dev\/en\/wp-json\/wp\/v2\/product_cat?post=1032"},{"taxonomy":"product_tag","embeddable":true,"href":"https:\/\/fromagerie-tourrette.bigfamily.dev\/en\/wp-json\/wp\/v2\/product_tag?post=1032"}],"curies":[{"name":"wp","href":"https:\/\/api.w.org\/{rel}","templated":true}]}}