{"id":1022,"date":"2018-11-02T10:29:59","date_gmt":"2018-11-02T09:29:59","guid":{"rendered":"http:\/\/shop.fromagerie-tourrette.com\/boutique\/produit\/bleu-dauvergne-aop\/"},"modified":"2024-01-18T13:44:40","modified_gmt":"2024-01-18T12:44:40","slug":"bleu-dauvergne-aop","status":"publish","type":"product","link":"https:\/\/fromagerie-tourrette.bigfamily.dev\/en\/produit\/bleu-dauvergne-aop\/","title":{"rendered":"Bleu d&#8217;Auvergne AOP"},"content":{"rendered":"<p>Ce fromage est affin\u00e9 au minimum pendant 6 semaines afin depermettre une bonne r\u00e9partition du penicillium, qui lui conf\u00e8re ce veinage bleu. Son parfum semble venir des herbages qui poussent sur les terres riches des sols volcaniques. Son affinage se d\u00e9roule dans des caves fra\u00eeches et humides.<\/p>\n","protected":false},"excerpt":{"rendered":"<p>Ce fromage est affin\u00e9 au minimum pendant 6 semaines afin depermettre une bonne r\u00e9partition du penicillium, qui lui [&hellip;]<\/p>\n","protected":false},"featured_media":15961,"template":"","meta":[],"product_cat":[16],"product_tag":[],"acf":[],"_links":{"self":[{"href":"https:\/\/fromagerie-tourrette.bigfamily.dev\/en\/wp-json\/wp\/v2\/product\/1022"}],"collection":[{"href":"https:\/\/fromagerie-tourrette.bigfamily.dev\/en\/wp-json\/wp\/v2\/product"}],"about":[{"href":"https:\/\/fromagerie-tourrette.bigfamily.dev\/en\/wp-json\/wp\/v2\/types\/product"}],"wp:featuredmedia":[{"embeddable":true,"href":"https:\/\/fromagerie-tourrette.bigfamily.dev\/en\/wp-json\/wp\/v2\/media\/15961"}],"wp:attachment":[{"href":"https:\/\/fromagerie-tourrette.bigfamily.dev\/en\/wp-json\/wp\/v2\/media?parent=1022"}],"wp:term":[{"taxonomy":"product_cat","embeddable":true,"href":"https:\/\/fromagerie-tourrette.bigfamily.dev\/en\/wp-json\/wp\/v2\/product_cat?post=1022"},{"taxonomy":"product_tag","embeddable":true,"href":"https:\/\/fromagerie-tourrette.bigfamily.dev\/en\/wp-json\/wp\/v2\/product_tag?post=1022"}],"curies":[{"name":"wp","href":"https:\/\/api.w.org\/{rel}","templated":true}]}}