{"id":1012,"date":"2018-11-02T10:29:12","date_gmt":"2018-11-02T09:29:12","guid":{"rendered":"http:\/\/shop.fromagerie-tourrette.com\/boutique\/produit\/trappe-a-la-liqueur-de-noix\/"},"modified":"2024-02-02T15:47:23","modified_gmt":"2024-02-02T14:47:23","slug":"trappe-a-la-liqueur-de-noix","status":"publish","type":"product","link":"https:\/\/fromagerie-tourrette.bigfamily.dev\/en\/produit\/trappe-a-la-liqueur-de-noix\/","title":{"rendered":"Trappe \u00e0 la liqueur de noix"},"content":{"rendered":"<p>Comme son nom l\u2019indique, la Trappe \u00e0 la liqueur de noix est un fromage bross\u00e9 \u00e0 la liqueur de noix. Ainsi, tout le parfum est dans la cro\u00fbte du fromage qui est donc \u00e0 d\u00e9guster int\u00e9gralement.<\/p>\n","protected":false},"excerpt":{"rendered":"<p>Comme son nom l\u2019indique, la Trappe \u00e0 la liqueur de noix est un fromage bross\u00e9 \u00e0 la liqueur [&hellip;]<\/p>\n","protected":false},"featured_media":100321,"template":"","meta":[],"product_cat":[16],"product_tag":[],"acf":[],"_links":{"self":[{"href":"https:\/\/fromagerie-tourrette.bigfamily.dev\/en\/wp-json\/wp\/v2\/product\/1012"}],"collection":[{"href":"https:\/\/fromagerie-tourrette.bigfamily.dev\/en\/wp-json\/wp\/v2\/product"}],"about":[{"href":"https:\/\/fromagerie-tourrette.bigfamily.dev\/en\/wp-json\/wp\/v2\/types\/product"}],"wp:featuredmedia":[{"embeddable":true,"href":"https:\/\/fromagerie-tourrette.bigfamily.dev\/en\/wp-json\/wp\/v2\/media\/100321"}],"wp:attachment":[{"href":"https:\/\/fromagerie-tourrette.bigfamily.dev\/en\/wp-json\/wp\/v2\/media?parent=1012"}],"wp:term":[{"taxonomy":"product_cat","embeddable":true,"href":"https:\/\/fromagerie-tourrette.bigfamily.dev\/en\/wp-json\/wp\/v2\/product_cat?post=1012"},{"taxonomy":"product_tag","embeddable":true,"href":"https:\/\/fromagerie-tourrette.bigfamily.dev\/en\/wp-json\/wp\/v2\/product_tag?post=1012"}],"curies":[{"name":"wp","href":"https:\/\/api.w.org\/{rel}","templated":true}]}}