{"id":997,"date":"2018-11-02T10:28:06","date_gmt":"2018-11-02T09:28:06","guid":{"rendered":"http:\/\/shop.fromagerie-tourrette.com\/boutique\/produit\/tome-des-bauges-fermiere-aop\/"},"modified":"2024-01-18T14:02:39","modified_gmt":"2024-01-18T13:02:39","slug":"tome-des-bauges-fermiere-aop","status":"publish","type":"product","link":"https:\/\/fromagerie-tourrette.bigfamily.dev\/de\/produit\/tome-des-bauges-fermiere-aop\/","title":{"rendered":"Tome des Bauges fermi\u00e8re AOP"},"content":{"rendered":"<p>Fabriqu\u00e9e exclusivement avec du lait cru provenant des troupeaux de vaches du massif des Bauges (race tarine, montb\u00e9liarde et abondance), cette tome fruit\u00e9e a une texture souple et homog\u00e8ne.<\/p>\n","protected":false},"excerpt":{"rendered":"<p>Fabriqu\u00e9e exclusivement avec du lait cru provenant des troupeaux de vaches du massif des Bauges (race tarine, montb\u00e9liarde [&hellip;]<\/p>\n","protected":false},"featured_media":15988,"template":"","meta":[],"product_cat":[16],"product_tag":[],"acf":[],"_links":{"self":[{"href":"https:\/\/fromagerie-tourrette.bigfamily.dev\/de\/wp-json\/wp\/v2\/product\/997"}],"collection":[{"href":"https:\/\/fromagerie-tourrette.bigfamily.dev\/de\/wp-json\/wp\/v2\/product"}],"about":[{"href":"https:\/\/fromagerie-tourrette.bigfamily.dev\/de\/wp-json\/wp\/v2\/types\/product"}],"wp:featuredmedia":[{"embeddable":true,"href":"https:\/\/fromagerie-tourrette.bigfamily.dev\/de\/wp-json\/wp\/v2\/media\/15988"}],"wp:attachment":[{"href":"https:\/\/fromagerie-tourrette.bigfamily.dev\/de\/wp-json\/wp\/v2\/media?parent=997"}],"wp:term":[{"taxonomy":"product_cat","embeddable":true,"href":"https:\/\/fromagerie-tourrette.bigfamily.dev\/de\/wp-json\/wp\/v2\/product_cat?post=997"},{"taxonomy":"product_tag","embeddable":true,"href":"https:\/\/fromagerie-tourrette.bigfamily.dev\/de\/wp-json\/wp\/v2\/product_tag?post=997"}],"curies":[{"name":"wp","href":"https:\/\/api.w.org\/{rel}","templated":true}]}}