{"id":990,"date":"2018-11-02T10:27:40","date_gmt":"2018-11-02T09:27:40","guid":{"rendered":"http:\/\/shop.fromagerie-tourrette.com\/boutique\/produit\/raclette-au-vin-blanc\/"},"modified":"2024-01-18T14:04:26","modified_gmt":"2024-01-18T13:04:26","slug":"raclette-au-vin-blanc","status":"publish","type":"product","link":"https:\/\/fromagerie-tourrette.bigfamily.dev\/de\/produit\/raclette-au-vin-blanc\/","title":{"rendered":"Raclette du Jura"},"content":{"rendered":"<p>Fromage au lait cru du massif jurassien. Les vaches laiti\u00e8res ont une alimentation \u00e0 base de foin et d&#8217;herbe (Absence d&#8217;aliments ferment\u00e9s type ensilage). La collecte du lait se fait quotidiennement.<\/p>\n<p><em>Existe en version tranch\u00e9e pour raclette.<\/em><\/p>\n","protected":false},"excerpt":{"rendered":"<p>Fromage au lait cru du massif jurassien. Les vaches laiti\u00e8res ont une alimentation \u00e0 base de foin et [&hellip;]<\/p>\n","protected":false},"featured_media":16000,"template":"","meta":[],"product_cat":[16],"product_tag":[],"acf":[],"_links":{"self":[{"href":"https:\/\/fromagerie-tourrette.bigfamily.dev\/de\/wp-json\/wp\/v2\/product\/990"}],"collection":[{"href":"https:\/\/fromagerie-tourrette.bigfamily.dev\/de\/wp-json\/wp\/v2\/product"}],"about":[{"href":"https:\/\/fromagerie-tourrette.bigfamily.dev\/de\/wp-json\/wp\/v2\/types\/product"}],"wp:featuredmedia":[{"embeddable":true,"href":"https:\/\/fromagerie-tourrette.bigfamily.dev\/de\/wp-json\/wp\/v2\/media\/16000"}],"wp:attachment":[{"href":"https:\/\/fromagerie-tourrette.bigfamily.dev\/de\/wp-json\/wp\/v2\/media?parent=990"}],"wp:term":[{"taxonomy":"product_cat","embeddable":true,"href":"https:\/\/fromagerie-tourrette.bigfamily.dev\/de\/wp-json\/wp\/v2\/product_cat?post=990"},{"taxonomy":"product_tag","embeddable":true,"href":"https:\/\/fromagerie-tourrette.bigfamily.dev\/de\/wp-json\/wp\/v2\/product_tag?post=990"}],"curies":[{"name":"wp","href":"https:\/\/api.w.org\/{rel}","templated":true}]}}