{"id":982,"date":"2018-11-02T10:27:10","date_gmt":"2018-11-02T09:27:10","guid":{"rendered":"http:\/\/shop.fromagerie-tourrette.com\/boutique\/produit\/pavin-dauvergne-2\/"},"modified":"2024-01-18T14:05:07","modified_gmt":"2024-01-18T13:05:07","slug":"pavin-dauvergne-2","status":"publish","type":"product","link":"https:\/\/fromagerie-tourrette.bigfamily.dev\/de\/produit\/pavin-dauvergne-2\/","title":{"rendered":"Pavin d&#8217;Auvergne"},"content":{"rendered":"<p>Le Pavin d\u2019Auvergne est un fromage produit dans les Monts du Foretz et porte le nom d\u2019un lac d\u2019Auvergne situ\u00e9 dans le crat\u00e8re d\u2019un volcan. Il est affin\u00e9 dans des caves rocheuses \u00e0 l&#8217;int\u00e9rieur du lac de volcan \u00e9teint. Un fromage au l\u00e9ger go\u00fbt de noisette.<\/p>\n","protected":false},"excerpt":{"rendered":"<p>Le Pavin d\u2019Auvergne est un fromage produit dans les Monts du Foretz et porte le nom d\u2019un lac [&hellip;]<\/p>\n","protected":false},"featured_media":16012,"template":"","meta":[],"product_cat":[16],"product_tag":[],"acf":[],"_links":{"self":[{"href":"https:\/\/fromagerie-tourrette.bigfamily.dev\/de\/wp-json\/wp\/v2\/product\/982"}],"collection":[{"href":"https:\/\/fromagerie-tourrette.bigfamily.dev\/de\/wp-json\/wp\/v2\/product"}],"about":[{"href":"https:\/\/fromagerie-tourrette.bigfamily.dev\/de\/wp-json\/wp\/v2\/types\/product"}],"wp:featuredmedia":[{"embeddable":true,"href":"https:\/\/fromagerie-tourrette.bigfamily.dev\/de\/wp-json\/wp\/v2\/media\/16012"}],"wp:attachment":[{"href":"https:\/\/fromagerie-tourrette.bigfamily.dev\/de\/wp-json\/wp\/v2\/media?parent=982"}],"wp:term":[{"taxonomy":"product_cat","embeddable":true,"href":"https:\/\/fromagerie-tourrette.bigfamily.dev\/de\/wp-json\/wp\/v2\/product_cat?post=982"},{"taxonomy":"product_tag","embeddable":true,"href":"https:\/\/fromagerie-tourrette.bigfamily.dev\/de\/wp-json\/wp\/v2\/product_tag?post=982"}],"curies":[{"name":"wp","href":"https:\/\/api.w.org\/{rel}","templated":true}]}}