{"id":98086,"date":"2023-11-21T14:09:47","date_gmt":"2023-11-21T13:09:47","guid":{"rendered":"https:\/\/www.fromagerie-tourrette.com\/?post_type=product&#038;p=98086"},"modified":"2023-11-21T14:21:21","modified_gmt":"2023-11-21T13:21:21","slug":"la-cloche-x-cygocraft-plateau-8-10-personnes","status":"publish","type":"product","link":"https:\/\/fromagerie-tourrette.bigfamily.dev\/de\/produit\/la-cloche-x-cygocraft-plateau-8-10-personnes\/","title":{"rendered":"La Cloche X Cygocraft\u00a0(plateau 8 &#8211; 10 personnes)"},"content":{"rendered":"<p>Offre sp\u00e9ciale La Cloche X Cygocraft = <strong>137\u20ac au lieu de 157\u20ac<\/strong><\/p>\n<p>Nous sommes ravis d&#8217;annoncer notre partenariat avec Cygocraft : un duo passionn\u00e9s qui con\u00e7oit diff\u00e9rents couteaux made in Alsace. \u00a0\u00c0 savoir que ces couteaux sont fabriqu\u00e9s \u00e0 partir de bois provenant d\u2019anciennes poutres de maisons \u00e0 colombage.<\/p>\n<p>S\u00e9lection de fromages affin\u00e9s de saison. Du plus d\u00e9licat au plus cors\u00e9, toutes les familles de fromages sont repr\u00e9sent\u00e9es afin qu&#8217;il y en ait pour tous les go\u00fbts.<\/p>\n<p>Le plateau contient <strong>minimum 8 sortes de fromages<\/strong>,\u00a0pr\u00e9sent\u00e9s sur un plateau en bois r\u00e9utilisable et est accompagn\u00e9 de fleurs de T\u00eate de Moine et d&#8217;\u00e9tiquettes avec les noms des fromages.<\/p>\n<p><strong>Convient pour 8 \u00e0 10 convives en fin de repas, 4 \u00e0 5 convives en repas complet.<\/strong><\/p>\n<p>Pour garantir et pr\u00e9server les qualit\u00e9s tant gustatives que visuelles du plateau, nous vous conseillons de le consommer dans les 48h apr\u00e8s achat. A sortir du frigo 1h avant la d\u00e9gustation.<\/p>\n<p><i>Pensez \u00e0 ramener vos anciens plateaux en boutique, nous\u00a0recyclons les supports en bois ! 1\u20ac de remise imm\u00e9diate sur le montant de vos achats.<\/i><\/p>\n","protected":false},"excerpt":{"rendered":"<p>Offre sp\u00e9ciale La Cloche X Cygocraft = 137\u20ac au lieu de 157\u20ac Nous sommes ravis d&#8217;annoncer notre partenariat [&hellip;]<\/p>\n","protected":false},"featured_media":98087,"template":"","meta":[],"product_cat":[159,156],"product_tag":[],"acf":[],"_links":{"self":[{"href":"https:\/\/fromagerie-tourrette.bigfamily.dev\/de\/wp-json\/wp\/v2\/product\/98086"}],"collection":[{"href":"https:\/\/fromagerie-tourrette.bigfamily.dev\/de\/wp-json\/wp\/v2\/product"}],"about":[{"href":"https:\/\/fromagerie-tourrette.bigfamily.dev\/de\/wp-json\/wp\/v2\/types\/product"}],"wp:featuredmedia":[{"embeddable":true,"href":"https:\/\/fromagerie-tourrette.bigfamily.dev\/de\/wp-json\/wp\/v2\/media\/98087"}],"wp:attachment":[{"href":"https:\/\/fromagerie-tourrette.bigfamily.dev\/de\/wp-json\/wp\/v2\/media?parent=98086"}],"wp:term":[{"taxonomy":"product_cat","embeddable":true,"href":"https:\/\/fromagerie-tourrette.bigfamily.dev\/de\/wp-json\/wp\/v2\/product_cat?post=98086"},{"taxonomy":"product_tag","embeddable":true,"href":"https:\/\/fromagerie-tourrette.bigfamily.dev\/de\/wp-json\/wp\/v2\/product_tag?post=98086"}],"curies":[{"name":"wp","href":"https:\/\/api.w.org\/{rel}","templated":true}]}}