{"id":967,"date":"2018-11-02T10:26:12","date_gmt":"2018-11-02T09:26:12","guid":{"rendered":"http:\/\/shop.fromagerie-tourrette.com\/boutique\/produit\/lavort-dauvergne\/"},"modified":"2024-02-02T15:37:17","modified_gmt":"2024-02-02T14:37:17","slug":"lavort-dauvergne","status":"publish","type":"product","link":"https:\/\/fromagerie-tourrette.bigfamily.dev\/de\/produit\/lavort-dauvergne\/","title":{"rendered":"Lavort d&#8217;Auvergne"},"content":{"rendered":"<p>Sa forme ronde, d&#8217;origine m\u00e9di\u00e9vale, lui \u00e9tait donn\u00e9e par des moules en bois provenant d&#8217;un monast\u00e8re du sud de l&#8217;Espagne. Le lait provient de brebis qui sont au p\u00e2turage du 1er avril au 1er novembre, puis sont nourries avec le foin des pr\u00e9s en hiver. Ainsi, on y retrouvera des notesl\u00e9g\u00e8rement bois\u00e9es.<\/p>\n","protected":false},"excerpt":{"rendered":"<p>Sa forme ronde, d&#8217;origine m\u00e9di\u00e9vale, lui \u00e9tait donn\u00e9e par des moules en bois provenant d&#8217;un monast\u00e8re du sud [&hellip;]<\/p>\n","protected":false},"featured_media":100297,"template":"","meta":[],"product_cat":[16],"product_tag":[],"acf":[],"_links":{"self":[{"href":"https:\/\/fromagerie-tourrette.bigfamily.dev\/de\/wp-json\/wp\/v2\/product\/967"}],"collection":[{"href":"https:\/\/fromagerie-tourrette.bigfamily.dev\/de\/wp-json\/wp\/v2\/product"}],"about":[{"href":"https:\/\/fromagerie-tourrette.bigfamily.dev\/de\/wp-json\/wp\/v2\/types\/product"}],"wp:featuredmedia":[{"embeddable":true,"href":"https:\/\/fromagerie-tourrette.bigfamily.dev\/de\/wp-json\/wp\/v2\/media\/100297"}],"wp:attachment":[{"href":"https:\/\/fromagerie-tourrette.bigfamily.dev\/de\/wp-json\/wp\/v2\/media?parent=967"}],"wp:term":[{"taxonomy":"product_cat","embeddable":true,"href":"https:\/\/fromagerie-tourrette.bigfamily.dev\/de\/wp-json\/wp\/v2\/product_cat?post=967"},{"taxonomy":"product_tag","embeddable":true,"href":"https:\/\/fromagerie-tourrette.bigfamily.dev\/de\/wp-json\/wp\/v2\/product_tag?post=967"}],"curies":[{"name":"wp","href":"https:\/\/api.w.org\/{rel}","templated":true}]}}