{"id":965,"date":"2018-11-02T10:26:05","date_gmt":"2018-11-02T09:26:05","guid":{"rendered":"http:\/\/shop.fromagerie-tourrette.com\/boutique\/produit\/laguiole-de-laubrac-aop\/"},"modified":"2024-01-18T15:33:42","modified_gmt":"2024-01-18T14:33:42","slug":"laguiole-de-laubrac-aop","status":"publish","type":"product","link":"https:\/\/fromagerie-tourrette.bigfamily.dev\/de\/produit\/laguiole-de-laubrac-aop\/","title":{"rendered":"Laguiole de l&#8217;Aubrac AOP"},"content":{"rendered":"<p>Ces produits, crus et d\u2019origine fermi\u00e8res, ne sont fabriqu\u00e9s qu\u2019avec des laits d\u2019\u00e9t\u00e9 et d\u2019automne dont le caill\u00e9, apr\u00e8s avoir \u00e9t\u00e9 press\u00e9, est rebroy\u00e9 pour \u00eatre press\u00e9 \u00e0 nouveau. Ce sont des fromages de \u00ab\u00a0garde\u00a0\u00bb et leur affinage peut all\u00e8grement d\u00e9passer 14 mois.<\/p>\n","protected":false},"excerpt":{"rendered":"<p>Ces produits, crus et d\u2019origine fermi\u00e8res, ne sont fabriqu\u00e9s qu\u2019avec des laits d\u2019\u00e9t\u00e9 et d\u2019automne dont le caill\u00e9, [&hellip;]<\/p>\n","protected":false},"featured_media":16045,"template":"","meta":[],"product_cat":[16],"product_tag":[],"acf":[],"_links":{"self":[{"href":"https:\/\/fromagerie-tourrette.bigfamily.dev\/de\/wp-json\/wp\/v2\/product\/965"}],"collection":[{"href":"https:\/\/fromagerie-tourrette.bigfamily.dev\/de\/wp-json\/wp\/v2\/product"}],"about":[{"href":"https:\/\/fromagerie-tourrette.bigfamily.dev\/de\/wp-json\/wp\/v2\/types\/product"}],"wp:featuredmedia":[{"embeddable":true,"href":"https:\/\/fromagerie-tourrette.bigfamily.dev\/de\/wp-json\/wp\/v2\/media\/16045"}],"wp:attachment":[{"href":"https:\/\/fromagerie-tourrette.bigfamily.dev\/de\/wp-json\/wp\/v2\/media?parent=965"}],"wp:term":[{"taxonomy":"product_cat","embeddable":true,"href":"https:\/\/fromagerie-tourrette.bigfamily.dev\/de\/wp-json\/wp\/v2\/product_cat?post=965"},{"taxonomy":"product_tag","embeddable":true,"href":"https:\/\/fromagerie-tourrette.bigfamily.dev\/de\/wp-json\/wp\/v2\/product_tag?post=965"}],"curies":[{"name":"wp","href":"https:\/\/api.w.org\/{rel}","templated":true}]}}