{"id":963,"date":"2018-11-02T10:25:56","date_gmt":"2018-11-02T09:25:56","guid":{"rendered":"http:\/\/shop.fromagerie-tourrette.com\/boutique\/produit\/gouda-36-mois\/"},"modified":"2024-01-18T14:13:37","modified_gmt":"2024-01-18T13:13:37","slug":"gouda-36-mois","status":"publish","type":"product","link":"https:\/\/fromagerie-tourrette.bigfamily.dev\/de\/produit\/gouda-36-mois\/","title":{"rendered":"Gouda 36 mois"},"content":{"rendered":"<p>Plus raffin\u00e9 et plus sophistiqu\u00e9 que la version jeune, sous cellophane, le vieux Gouda se distingue par une belle couleur de cro\u00fbte ambr\u00e9e et une saveur en bouche tr\u00e8s marqu\u00e9e, voire piquante !<\/p>\n","protected":false},"excerpt":{"rendered":"<p>Plus raffin\u00e9 et plus sophistiqu\u00e9 que la version jeune, sous cellophane, le vieux Gouda se distingue par une [&hellip;]<\/p>\n","protected":false},"featured_media":16048,"template":"","meta":[],"product_cat":[16],"product_tag":[],"acf":[],"_links":{"self":[{"href":"https:\/\/fromagerie-tourrette.bigfamily.dev\/de\/wp-json\/wp\/v2\/product\/963"}],"collection":[{"href":"https:\/\/fromagerie-tourrette.bigfamily.dev\/de\/wp-json\/wp\/v2\/product"}],"about":[{"href":"https:\/\/fromagerie-tourrette.bigfamily.dev\/de\/wp-json\/wp\/v2\/types\/product"}],"wp:featuredmedia":[{"embeddable":true,"href":"https:\/\/fromagerie-tourrette.bigfamily.dev\/de\/wp-json\/wp\/v2\/media\/16048"}],"wp:attachment":[{"href":"https:\/\/fromagerie-tourrette.bigfamily.dev\/de\/wp-json\/wp\/v2\/media?parent=963"}],"wp:term":[{"taxonomy":"product_cat","embeddable":true,"href":"https:\/\/fromagerie-tourrette.bigfamily.dev\/de\/wp-json\/wp\/v2\/product_cat?post=963"},{"taxonomy":"product_tag","embeddable":true,"href":"https:\/\/fromagerie-tourrette.bigfamily.dev\/de\/wp-json\/wp\/v2\/product_tag?post=963"}],"curies":[{"name":"wp","href":"https:\/\/api.w.org\/{rel}","templated":true}]}}