{"id":959,"date":"2018-11-02T10:25:42","date_gmt":"2018-11-02T09:25:42","guid":{"rendered":"http:\/\/shop.fromagerie-tourrette.com\/boutique\/produit\/chemin-despelette\/"},"modified":"2023-01-19T10:57:16","modified_gmt":"2023-01-19T09:57:16","slug":"chemin-despelette","status":"publish","type":"product","link":"https:\/\/fromagerie-tourrette.bigfamily.dev\/de\/produit\/chemin-despelette\/","title":{"rendered":"Chemin d&#8217;Espelette"},"content":{"rendered":"<p>Fromage rond \u00e0 p\u00e2te press\u00e9e non cuite de fabrication traditionnelle. La cro\u00fbte est lav\u00e9e, l\u00e9g\u00e8rement fleurie et la p\u00e2te souple est parsem\u00e9e de piment d&#8217;Espelette<\/p>\n","protected":false},"excerpt":{"rendered":"<p>Fromage rond \u00e0 p\u00e2te press\u00e9e non cuite de fabrication traditionnelle. La cro\u00fbte est lav\u00e9e, l\u00e9g\u00e8rement fleurie et la [&hellip;]<\/p>\n","protected":false},"featured_media":16051,"template":"","meta":[],"product_cat":[16],"product_tag":[],"acf":[],"_links":{"self":[{"href":"https:\/\/fromagerie-tourrette.bigfamily.dev\/de\/wp-json\/wp\/v2\/product\/959"}],"collection":[{"href":"https:\/\/fromagerie-tourrette.bigfamily.dev\/de\/wp-json\/wp\/v2\/product"}],"about":[{"href":"https:\/\/fromagerie-tourrette.bigfamily.dev\/de\/wp-json\/wp\/v2\/types\/product"}],"wp:featuredmedia":[{"embeddable":true,"href":"https:\/\/fromagerie-tourrette.bigfamily.dev\/de\/wp-json\/wp\/v2\/media\/16051"}],"wp:attachment":[{"href":"https:\/\/fromagerie-tourrette.bigfamily.dev\/de\/wp-json\/wp\/v2\/media?parent=959"}],"wp:term":[{"taxonomy":"product_cat","embeddable":true,"href":"https:\/\/fromagerie-tourrette.bigfamily.dev\/de\/wp-json\/wp\/v2\/product_cat?post=959"},{"taxonomy":"product_tag","embeddable":true,"href":"https:\/\/fromagerie-tourrette.bigfamily.dev\/de\/wp-json\/wp\/v2\/product_tag?post=959"}],"curies":[{"name":"wp","href":"https:\/\/api.w.org\/{rel}","templated":true}]}}