{"id":954,"date":"2018-11-02T10:25:24","date_gmt":"2018-11-02T09:25:24","guid":{"rendered":"http:\/\/shop.fromagerie-tourrette.com\/boutique\/produit\/bethmale-vache\/"},"modified":"2024-01-18T15:24:59","modified_gmt":"2024-01-18T14:24:59","slug":"bethmale-vache","status":"publish","type":"product","link":"https:\/\/fromagerie-tourrette.bigfamily.dev\/de\/produit\/bethmale-vache\/","title":{"rendered":"Bethmale vache"},"content":{"rendered":"<p>Fromage de fabrication traditionnelle, sal\u00e9 au gros sel. Affin\u00e9 sur planche, un brossage quotidien va lui donner une cro\u00fbte naturelle de couleur jaune orang\u00e9e, une p\u00e2te onctueuse et une saveur l\u00e9g\u00e8rement sucr\u00e9e-acidul\u00e9e.<\/p>\n","protected":false},"excerpt":{"rendered":"<p>Fromage de fabrication traditionnelle, sal\u00e9 au gros sel. Affin\u00e9 sur planche, un brossage quotidien va lui donner une [&hellip;]<\/p>\n","protected":false},"featured_media":16060,"template":"","meta":[],"product_cat":[16],"product_tag":[],"acf":[],"_links":{"self":[{"href":"https:\/\/fromagerie-tourrette.bigfamily.dev\/de\/wp-json\/wp\/v2\/product\/954"}],"collection":[{"href":"https:\/\/fromagerie-tourrette.bigfamily.dev\/de\/wp-json\/wp\/v2\/product"}],"about":[{"href":"https:\/\/fromagerie-tourrette.bigfamily.dev\/de\/wp-json\/wp\/v2\/types\/product"}],"wp:featuredmedia":[{"embeddable":true,"href":"https:\/\/fromagerie-tourrette.bigfamily.dev\/de\/wp-json\/wp\/v2\/media\/16060"}],"wp:attachment":[{"href":"https:\/\/fromagerie-tourrette.bigfamily.dev\/de\/wp-json\/wp\/v2\/media?parent=954"}],"wp:term":[{"taxonomy":"product_cat","embeddable":true,"href":"https:\/\/fromagerie-tourrette.bigfamily.dev\/de\/wp-json\/wp\/v2\/product_cat?post=954"},{"taxonomy":"product_tag","embeddable":true,"href":"https:\/\/fromagerie-tourrette.bigfamily.dev\/de\/wp-json\/wp\/v2\/product_tag?post=954"}],"curies":[{"name":"wp","href":"https:\/\/api.w.org\/{rel}","templated":true}]}}