{"id":952,"date":"2018-11-02T10:25:17","date_gmt":"2018-11-02T09:25:17","guid":{"rendered":"http:\/\/shop.fromagerie-tourrette.com\/boutique\/produit\/ardi-gasna-basque-frotte-espelette\/"},"modified":"2024-01-18T14:15:57","modified_gmt":"2024-01-18T13:15:57","slug":"ardi-gasna-basque-frotte-espelette","status":"publish","type":"product","link":"https:\/\/fromagerie-tourrette.bigfamily.dev\/de\/produit\/ardi-gasna-basque-frotte-espelette\/","title":{"rendered":"Ardi Gasna Basque frott\u00e9 Espelette"},"content":{"rendered":"<p>L\u2019Ardi Gasna est un fromage au lait pasteuris\u00e9 de brebis originaire du Pays Basque. Son nom signifie \u00ab Vieux fromage de brebis \u00bb en basco b\u00e9arnais. La cro\u00fbte, consommable, est frott\u00e9e au Piment d&#8217;Espelette pendant l&#8217;affinage. Une texture souple pour un fromage typ\u00e9 de brebis aux saveurs subtiles de piment.<\/p>\n","protected":false},"excerpt":{"rendered":"<p>L\u2019Ardi Gasna est un fromage au lait pasteuris\u00e9 de brebis originaire du Pays Basque. Son nom signifie \u00ab [&hellip;]<\/p>\n","protected":false},"featured_media":16063,"template":"","meta":[],"product_cat":[16],"product_tag":[],"acf":[],"_links":{"self":[{"href":"https:\/\/fromagerie-tourrette.bigfamily.dev\/de\/wp-json\/wp\/v2\/product\/952"}],"collection":[{"href":"https:\/\/fromagerie-tourrette.bigfamily.dev\/de\/wp-json\/wp\/v2\/product"}],"about":[{"href":"https:\/\/fromagerie-tourrette.bigfamily.dev\/de\/wp-json\/wp\/v2\/types\/product"}],"wp:featuredmedia":[{"embeddable":true,"href":"https:\/\/fromagerie-tourrette.bigfamily.dev\/de\/wp-json\/wp\/v2\/media\/16063"}],"wp:attachment":[{"href":"https:\/\/fromagerie-tourrette.bigfamily.dev\/de\/wp-json\/wp\/v2\/media?parent=952"}],"wp:term":[{"taxonomy":"product_cat","embeddable":true,"href":"https:\/\/fromagerie-tourrette.bigfamily.dev\/de\/wp-json\/wp\/v2\/product_cat?post=952"},{"taxonomy":"product_tag","embeddable":true,"href":"https:\/\/fromagerie-tourrette.bigfamily.dev\/de\/wp-json\/wp\/v2\/product_tag?post=952"}],"curies":[{"name":"wp","href":"https:\/\/api.w.org\/{rel}","templated":true}]}}