{"id":945,"date":"2018-11-02T10:24:47","date_gmt":"2018-11-02T09:24:47","guid":{"rendered":"http:\/\/shop.fromagerie-tourrette.com\/boutique\/produit\/marechal-aux-herbes\/"},"modified":"2024-01-18T14:16:45","modified_gmt":"2024-01-18T13:16:45","slug":"marechal-aux-herbes","status":"publish","type":"product","link":"https:\/\/fromagerie-tourrette.bigfamily.dev\/de\/produit\/marechal-aux-herbes\/","title":{"rendered":"Mar\u00e9chal aux Herbes"},"content":{"rendered":"<p>Sp\u00e9cialit\u00e9 du comt\u00e9 de Vaud, en Suisse, le Mar\u00e9chal aux herbes est fabriqu\u00e9 \u00e0 partir du lait de la traite des vaches livr\u00e9 2 fois par jour. Les fromages sont press\u00e9s dans des cercles en bois. Des toiles en chanvre ou en lin sont utilis\u00e9es pour les emballer. Un m\u00e9lange d\u2019herbes aromatiques est dispers\u00e9 en surface durant les soins et la maturation dure environ 120 jours.<\/p>\n","protected":false},"excerpt":{"rendered":"<p>Sp\u00e9cialit\u00e9 du comt\u00e9 de Vaud, en Suisse, le Mar\u00e9chal aux herbes est fabriqu\u00e9 \u00e0 partir du lait de [&hellip;]<\/p>\n","protected":false},"featured_media":16072,"template":"","meta":[],"product_cat":[16],"product_tag":[],"acf":[],"_links":{"self":[{"href":"https:\/\/fromagerie-tourrette.bigfamily.dev\/de\/wp-json\/wp\/v2\/product\/945"}],"collection":[{"href":"https:\/\/fromagerie-tourrette.bigfamily.dev\/de\/wp-json\/wp\/v2\/product"}],"about":[{"href":"https:\/\/fromagerie-tourrette.bigfamily.dev\/de\/wp-json\/wp\/v2\/types\/product"}],"wp:featuredmedia":[{"embeddable":true,"href":"https:\/\/fromagerie-tourrette.bigfamily.dev\/de\/wp-json\/wp\/v2\/media\/16072"}],"wp:attachment":[{"href":"https:\/\/fromagerie-tourrette.bigfamily.dev\/de\/wp-json\/wp\/v2\/media?parent=945"}],"wp:term":[{"taxonomy":"product_cat","embeddable":true,"href":"https:\/\/fromagerie-tourrette.bigfamily.dev\/de\/wp-json\/wp\/v2\/product_cat?post=945"},{"taxonomy":"product_tag","embeddable":true,"href":"https:\/\/fromagerie-tourrette.bigfamily.dev\/de\/wp-json\/wp\/v2\/product_tag?post=945"}],"curies":[{"name":"wp","href":"https:\/\/api.w.org\/{rel}","templated":true}]}}