{"id":943,"date":"2018-11-02T10:24:40","date_gmt":"2018-11-02T09:24:40","guid":{"rendered":"http:\/\/shop.fromagerie-tourrette.com\/boutique\/produit\/fribourg-dalpage-suisse-aop\/"},"modified":"2024-01-18T14:17:02","modified_gmt":"2024-01-18T13:17:02","slug":"fribourg-dalpage-suisse-aop","status":"publish","type":"product","link":"https:\/\/fromagerie-tourrette.bigfamily.dev\/de\/produit\/fribourg-dalpage-suisse-aop\/","title":{"rendered":"Fribourg d&#8217;alpage Suisse AOP"},"content":{"rendered":"<p>Le gruy\u00e8re d\u2019Alpage est fabriqu\u00e9 avec du lait de vaches nourries uniquement \u00e0 l\u2019herbe. Il est appell\u00e9 aussi \u00ab Fribourg \u00bb. Le lait ne subit aucun traitement thermique avant sa transformation en fromage, ce qui lui conf\u00e8re un go\u00fbt si sp\u00e9cifique, propre \u00e0 la Suisse. Il est fabriqu\u00e9 pr\u00e8s du petit village de Gruy\u00e8res qui doit son nom au fromage et non l&#8217;inverse !<\/p>\n","protected":false},"excerpt":{"rendered":"<p>Le gruy\u00e8re d\u2019Alpage est fabriqu\u00e9 avec du lait de vaches nourries uniquement \u00e0 l\u2019herbe. Il est appell\u00e9 aussi [&hellip;]<\/p>\n","protected":false},"featured_media":16075,"template":"","meta":[],"product_cat":[16],"product_tag":[],"acf":[],"_links":{"self":[{"href":"https:\/\/fromagerie-tourrette.bigfamily.dev\/de\/wp-json\/wp\/v2\/product\/943"}],"collection":[{"href":"https:\/\/fromagerie-tourrette.bigfamily.dev\/de\/wp-json\/wp\/v2\/product"}],"about":[{"href":"https:\/\/fromagerie-tourrette.bigfamily.dev\/de\/wp-json\/wp\/v2\/types\/product"}],"wp:featuredmedia":[{"embeddable":true,"href":"https:\/\/fromagerie-tourrette.bigfamily.dev\/de\/wp-json\/wp\/v2\/media\/16075"}],"wp:attachment":[{"href":"https:\/\/fromagerie-tourrette.bigfamily.dev\/de\/wp-json\/wp\/v2\/media?parent=943"}],"wp:term":[{"taxonomy":"product_cat","embeddable":true,"href":"https:\/\/fromagerie-tourrette.bigfamily.dev\/de\/wp-json\/wp\/v2\/product_cat?post=943"},{"taxonomy":"product_tag","embeddable":true,"href":"https:\/\/fromagerie-tourrette.bigfamily.dev\/de\/wp-json\/wp\/v2\/product_tag?post=943"}],"curies":[{"name":"wp","href":"https:\/\/api.w.org\/{rel}","templated":true}]}}