{"id":939,"date":"2018-11-02T10:24:27","date_gmt":"2018-11-02T09:24:27","guid":{"rendered":"http:\/\/shop.fromagerie-tourrette.com\/boutique\/produit\/etivaz-dalpage-aop-meule\/"},"modified":"2024-01-18T14:17:30","modified_gmt":"2024-01-18T13:17:30","slug":"etivaz-dalpage-aop-meule","status":"publish","type":"product","link":"https:\/\/fromagerie-tourrette.bigfamily.dev\/de\/produit\/etivaz-dalpage-aop-meule\/","title":{"rendered":"Etivaz d&#8217;Alpage d&#8217;\u00e9t\u00e9 AOP"},"content":{"rendered":"<p>L\u2019Etivaz AOP est un fromage traditionnel, fabriqu\u00e9 artisanalement dans chaque chalet par le producteur, sur feu de bois, avec un lait cru et non transport\u00e9, impr\u00e9gn\u00e9 de la flore m\u00eame de l\u2019alpage. Franc, aromatique, des saveurs uniques avec de l\u00e9g\u00e8res notes fum\u00e9es.<\/p>\n","protected":false},"excerpt":{"rendered":"<p>L\u2019Etivaz AOP est un fromage traditionnel, fabriqu\u00e9 artisanalement dans chaque chalet par le producteur, sur feu de bois, [&hellip;]<\/p>\n","protected":false},"featured_media":16081,"template":"","meta":[],"product_cat":[16],"product_tag":[],"acf":[],"_links":{"self":[{"href":"https:\/\/fromagerie-tourrette.bigfamily.dev\/de\/wp-json\/wp\/v2\/product\/939"}],"collection":[{"href":"https:\/\/fromagerie-tourrette.bigfamily.dev\/de\/wp-json\/wp\/v2\/product"}],"about":[{"href":"https:\/\/fromagerie-tourrette.bigfamily.dev\/de\/wp-json\/wp\/v2\/types\/product"}],"wp:featuredmedia":[{"embeddable":true,"href":"https:\/\/fromagerie-tourrette.bigfamily.dev\/de\/wp-json\/wp\/v2\/media\/16081"}],"wp:attachment":[{"href":"https:\/\/fromagerie-tourrette.bigfamily.dev\/de\/wp-json\/wp\/v2\/media?parent=939"}],"wp:term":[{"taxonomy":"product_cat","embeddable":true,"href":"https:\/\/fromagerie-tourrette.bigfamily.dev\/de\/wp-json\/wp\/v2\/product_cat?post=939"},{"taxonomy":"product_tag","embeddable":true,"href":"https:\/\/fromagerie-tourrette.bigfamily.dev\/de\/wp-json\/wp\/v2\/product_tag?post=939"}],"curies":[{"name":"wp","href":"https:\/\/api.w.org\/{rel}","templated":true}]}}