{"id":937,"date":"2018-11-02T10:24:20","date_gmt":"2018-11-02T09:24:20","guid":{"rendered":"http:\/\/shop.fromagerie-tourrette.com\/boutique\/produit\/emmenthal-suisse-grotte-aop\/"},"modified":"2024-01-18T14:17:51","modified_gmt":"2024-01-18T13:17:51","slug":"emmenthal-suisse-grotte-aop","status":"publish","type":"product","link":"https:\/\/fromagerie-tourrette.bigfamily.dev\/de\/produit\/emmenthal-suisse-grotte-aop\/","title":{"rendered":"Emmenthal Suisse Grotte AOP"},"content":{"rendered":"<p>Ce c\u00e9l\u00e8bre fromage tire son nom de la vall\u00e9e de l&#8217;Emme. On trouve trace de fabrication dans cette vall\u00e9e d\u00e8s le 13e si\u00e8cle. Le lait est issu de vaches nourries \u00e0 l&#8217;herbe et au foin, l&#8217;ensilage \u00e9tant strictement interdit. Il faut environ 12\u00a0litres de lait pour fabriquer un kilo de fromage. Un go\u00fbt doux aux accents de noisette.<\/p>\n","protected":false},"excerpt":{"rendered":"<p>Ce c\u00e9l\u00e8bre fromage tire son nom de la vall\u00e9e de l&#8217;Emme. On trouve trace de fabrication dans cette [&hellip;]<\/p>\n","protected":false},"featured_media":16084,"template":"","meta":[],"product_cat":[16],"product_tag":[],"acf":[],"_links":{"self":[{"href":"https:\/\/fromagerie-tourrette.bigfamily.dev\/de\/wp-json\/wp\/v2\/product\/937"}],"collection":[{"href":"https:\/\/fromagerie-tourrette.bigfamily.dev\/de\/wp-json\/wp\/v2\/product"}],"about":[{"href":"https:\/\/fromagerie-tourrette.bigfamily.dev\/de\/wp-json\/wp\/v2\/types\/product"}],"wp:featuredmedia":[{"embeddable":true,"href":"https:\/\/fromagerie-tourrette.bigfamily.dev\/de\/wp-json\/wp\/v2\/media\/16084"}],"wp:attachment":[{"href":"https:\/\/fromagerie-tourrette.bigfamily.dev\/de\/wp-json\/wp\/v2\/media?parent=937"}],"wp:term":[{"taxonomy":"product_cat","embeddable":true,"href":"https:\/\/fromagerie-tourrette.bigfamily.dev\/de\/wp-json\/wp\/v2\/product_cat?post=937"},{"taxonomy":"product_tag","embeddable":true,"href":"https:\/\/fromagerie-tourrette.bigfamily.dev\/de\/wp-json\/wp\/v2\/product_tag?post=937"}],"curies":[{"name":"wp","href":"https:\/\/api.w.org\/{rel}","templated":true}]}}