{"id":935,"date":"2018-11-02T10:24:09","date_gmt":"2018-11-02T09:24:09","guid":{"rendered":"http:\/\/shop.fromagerie-tourrette.com\/boutique\/produit\/beaufort-aop\/"},"modified":"2024-02-02T15:48:53","modified_gmt":"2024-02-02T14:48:53","slug":"beaufort-aop","status":"publish","type":"product","link":"https:\/\/fromagerie-tourrette.bigfamily.dev\/de\/produit\/beaufort-aop\/","title":{"rendered":"Beaufort AOP"},"content":{"rendered":"<p>Le Beaufort se pr\u00e9sente sous la forme de meules de 20 \u00e0 70 kg , de 35 \u00e0 75 cm de diam\u00e8tre. Son signe distinctif : un talon concave qui r\u00e9sulte de leur moulage dans un cercle de bois typique. La re\u0301gion de production du Beaufort couvre la partie haute montagne du de\u0301partement de la Savoie. Le Beaufort d\u00e9veloppe en bouche des ar\u00f4mes floraux de fin de printemps, d\u2019\u00e9t\u00e9 avec les fleurs br\u00fbl\u00e9es par le soleil ou du regain \u00e0 la redescente en Automne.<\/p>\n","protected":false},"excerpt":{"rendered":"<p>Le Beaufort se pr\u00e9sente sous la forme de meules de 20 \u00e0 70 kg , de 35 \u00e0 [&hellip;]<\/p>\n","protected":false},"featured_media":100324,"template":"","meta":[],"product_cat":[16],"product_tag":[],"acf":[],"_links":{"self":[{"href":"https:\/\/fromagerie-tourrette.bigfamily.dev\/de\/wp-json\/wp\/v2\/product\/935"}],"collection":[{"href":"https:\/\/fromagerie-tourrette.bigfamily.dev\/de\/wp-json\/wp\/v2\/product"}],"about":[{"href":"https:\/\/fromagerie-tourrette.bigfamily.dev\/de\/wp-json\/wp\/v2\/types\/product"}],"wp:featuredmedia":[{"embeddable":true,"href":"https:\/\/fromagerie-tourrette.bigfamily.dev\/de\/wp-json\/wp\/v2\/media\/100324"}],"wp:attachment":[{"href":"https:\/\/fromagerie-tourrette.bigfamily.dev\/de\/wp-json\/wp\/v2\/media?parent=935"}],"wp:term":[{"taxonomy":"product_cat","embeddable":true,"href":"https:\/\/fromagerie-tourrette.bigfamily.dev\/de\/wp-json\/wp\/v2\/product_cat?post=935"},{"taxonomy":"product_tag","embeddable":true,"href":"https:\/\/fromagerie-tourrette.bigfamily.dev\/de\/wp-json\/wp\/v2\/product_tag?post=935"}],"curies":[{"name":"wp","href":"https:\/\/api.w.org\/{rel}","templated":true}]}}