{"id":933,"date":"2018-11-02T10:24:03","date_gmt":"2018-11-02T09:24:03","guid":{"rendered":"http:\/\/shop.fromagerie-tourrette.com\/boutique\/produit\/appenzeller-extra-aop-pate-pressee-mi-cuite\/"},"modified":"2023-05-31T09:50:48","modified_gmt":"2023-05-31T07:50:48","slug":"appenzeller-extra-aop-pate-pressee-mi-cuite","status":"publish","type":"product","link":"https:\/\/fromagerie-tourrette.bigfamily.dev\/de\/produit\/appenzeller-extra-aop-pate-pressee-mi-cuite\/","title":{"rendered":"Appenzeller Extra AOP (p\u00e2te press\u00e9e mi-cuite)"},"content":{"rendered":"<p>Son affinage peut durer de 3 \u00e0 8 mois. Il est choy\u00e9 en cave, sa cro\u00fbte est r\u00e9guli\u00e8rement bross\u00e9e au \u00ab Sulz \u00bb, m\u00e9lange d\u2019herbes, d\u2019aromates et de vin blanc dont la recette est jalousement gard\u00e9e de nos jours. Pour avoir la chance de porter la mention \u00ab EXTRA \u00bb, le fromage doit r\u00e9pondre \u00e0 un ensemble de crit\u00e8res sp\u00e9cifiques et subir une longue maturation de 6 mois qui lui donnera un go\u00fbt puissant et cors\u00e9.<\/p>\n","protected":false},"excerpt":{"rendered":"<p>Son affinage peut durer de 3 \u00e0 8 mois. Il est choy\u00e9 en cave, sa cro\u00fbte est r\u00e9guli\u00e8rement [&hellip;]<\/p>\n","protected":false},"featured_media":16090,"template":"","meta":[],"product_cat":[16],"product_tag":[],"acf":[],"_links":{"self":[{"href":"https:\/\/fromagerie-tourrette.bigfamily.dev\/de\/wp-json\/wp\/v2\/product\/933"}],"collection":[{"href":"https:\/\/fromagerie-tourrette.bigfamily.dev\/de\/wp-json\/wp\/v2\/product"}],"about":[{"href":"https:\/\/fromagerie-tourrette.bigfamily.dev\/de\/wp-json\/wp\/v2\/types\/product"}],"wp:featuredmedia":[{"embeddable":true,"href":"https:\/\/fromagerie-tourrette.bigfamily.dev\/de\/wp-json\/wp\/v2\/media\/16090"}],"wp:attachment":[{"href":"https:\/\/fromagerie-tourrette.bigfamily.dev\/de\/wp-json\/wp\/v2\/media?parent=933"}],"wp:term":[{"taxonomy":"product_cat","embeddable":true,"href":"https:\/\/fromagerie-tourrette.bigfamily.dev\/de\/wp-json\/wp\/v2\/product_cat?post=933"},{"taxonomy":"product_tag","embeddable":true,"href":"https:\/\/fromagerie-tourrette.bigfamily.dev\/de\/wp-json\/wp\/v2\/product_tag?post=933"}],"curies":[{"name":"wp","href":"https:\/\/api.w.org\/{rel}","templated":true}]}}